{"id":6665,"date":"2025-10-28T03:18:14","date_gmt":"2025-10-28T09:18:14","guid":{"rendered":"https:\/\/krosvertical.com\/?page_id=6665"},"modified":"2025-10-28T03:47:19","modified_gmt":"2025-10-28T09:47:19","slug":"declaracion-de-accesibilidad","status":"publish","type":"page","link":"https:\/\/krosvertical.com\/en_en\/declaracion-de-accesibilidad\/","title":{"rendered":"Accessibility statement"},"content":{"rendered":"\t\t<div data-elementor-type=\"wp-page\" data-elementor-id=\"6665\" class=\"elementor elementor-6665\" data-elementor-post-type=\"page\">\n\t\t\t\t<div class=\"elementor-element elementor-element-4422801 e-flex e-con-boxed e-con e-parent\" data-id=\"4422801\" data-element_type=\"container\" data-e-type=\"container\">\n\t\t\t\t\t<div class=\"e-con-inner\">\n\t\t\t\t<div class=\"elementor-element elementor-element-00c15a2 elementor-widget elementor-widget-text-editor\" data-id=\"00c15a2\" data-element_type=\"widget\" data-e-type=\"widget\" data-widget_type=\"text-editor.default\">\n\t\t\t\t<div class=\"elementor-widget-container\">\n\t\t\t\t\t\t\t\t\t<p>KROS VERTICAL S.L. se ha comprometido a hacer accesible <a href=\"https:\/\/krosvertical.com\/\">https:\/\/krosvertical.com\/<\/a>, de conformidad con el\u00a0<a href=\"https:\/\/www.boe.es\/buscar\/act.php?id=BOE-A-2018-12699\" target=\"_blank\" rel=\"noreferrer noopener\">Real Decreto 1112\/2018, de 7 de septiembre, sobre accesibilidad de los sitios web y aplicaciones para dispositivos m\u00f3viles del sector p\u00fablico<\/a>.<\/p><p>La presente declaraci\u00f3n de accesibilidad se aplica al dominio <a href=\"https:\/\/krosvertical.com\/\">https:\/\/krosvertical.com\/<\/a><\/p><h4>Situaci\u00f3n De Cumplimiento<\/h4><p>Este sitio web es parcialmente conforme con el RD 1112\/2018 debido a las excepciones y a la falta de conformidad de los aspectos que se indican a continuaci\u00f3n.<\/p><h4>Contenido No Accesible<\/h4><p>El contenido que se recoge a continuaci\u00f3n no es accesible por lo siguiente:<\/p><ul><li><strong>Falta de conformidad con el RD 1112\/2018:<\/strong><\/li><li>En alguna p\u00e1gina la relaci\u00f3n de contraste en texto podr\u00eda no ser de al menos 4.5:1 [requisito n\u00famero 9.1.4.3 de la norma UNE-EN 301549:2022 Contraste m\u00ednimo].<\/li><li>En algunas p\u00e1ginas el contenido puede perder funcionalidad o informaci\u00f3n al ampliar el contenido. [requisito n\u00famero 9.1.4.10 de la norma UNE-EN 301549:2019 reajuste del texto]<\/li><li>Existen elementos que no son accesibles por teclado, como por ejemplo enlaces a redes sociales, el editor de textos para comentarios, elementos para ordenar resultados\u00a0de b\u00fasqueda, la paginaci\u00f3n de los resultados de b\u00fasqueda o las flechas de calendario\u00a0[requisito n\u00famero 9.2.1.1 Teclado, de UNE-EN 301549:2022].<\/li><li>Existen atajos de teclado que no funcionan [requisito n\u00famero 9.2.1.4 Atajos el teclado, de UNE-EN 301549:2019].<\/li><li>En algunas p\u00e1ginas no existe el mecanismo para omitir bloques de contenido que se repiten en varias p\u00e1ginas. [requisito n\u00famero 9.2.4.1 de la norma UNE-EN 301549:2019 evitar bloques]<\/li><li>En algunas p\u00e1ginas no se reconoce qu\u00e9 elemento recibe el foco [requisito n\u00famero 9.2.4.7 de la norma UNE-EN 301549:2019 foco visible]<\/li><li>Los elementos de navegaci\u00f3n de la agenda no permiten la cancelaci\u00f3n del puntero [requisito n\u00famero 9.2.5.2 Cancelaci\u00f3n del puntero de UNE-EN 301549:2019]<\/li><li>Existen campos de formularios o botones donde el texto visible que act\u00faa como su etiqueta no forma parte de su nombre accesible [requisito n\u00famero 9.2.5.3 Inclusi\u00f3n de la etiqueta en el nombre de EN 301549 v2.1.2 \u2013 2018].<\/li><li>Activaci\u00f3n mediante movimiento. [requisito n\u00famero 9.2.5.4 Activaci\u00f3n mediante movimiento]<\/li><li>En algunas p\u00e1ginas al recibir el foco del interfaz de usuario se podr\u00eda iniciar un cambio de contexto autom\u00e1tico [requisito n\u00famero 9.3.2.1 de la norma UNE-EN 301549:2021-03 al recibir el foco]<\/li><li>Existen campos de formularios donde se informa del error cuando se introduce un valor incorrecto pero no se informa de una sugerencia para su correcci\u00f3n\u00a0[requisito n\u00famero 9.3.3.3 Sugerencias ante errores, de UNE-EN 301549:2022].<\/li><li>No es posible la rectificaci\u00f3n de los datos enviados en un formulario, para ello se tendr\u00eda que enviar de nuevo. [requisito 9.3.3.4 Prevenci\u00f3n de errores (legales, financieros, de datos) (Condicional)].<\/li><li>Se incumplen algunos de los requisitos WCAG 2.1\u00a0[requisito\u00a09.6\u00a0de UNE-EN 301549:2022].<\/li><li>Preservaci\u00f3n de la informaci\u00f3n de accesibilidad durante las transformaciones. [requisito 11.8.3]<\/li><li>Servicio de reparaci\u00f3n.\u00a0[requisito 11.8.4]<\/li><li>Podr\u00edan existir fallos puntuales de edici\u00f3n en alguna p\u00e1gina web.<\/li><li><strong>Carga desproporcionada:<\/strong>\u00a0No aplica<\/li><li><strong>El contenido no entra dentro del \u00e1mbito de la legislaci\u00f3n aplicable:<\/strong>\u00a0Podr\u00edan existir documentos en PDF u otros formatos ofim\u00e1ticos y contenidos multimedia que no cumplan en su totalidad los requisitos de accesibilidad exigidos. Contenidos de terceros que no est\u00e9n financiados ni desarrollados por el sujeto obligado ni est\u00e9n bajo su control.<\/li><\/ul><h4>Preparaci\u00f3n De La Presente Declaraci\u00f3n De Accesibilidad<\/h4><p>La presente declaraci\u00f3n fue preparada el 28\/10\/2025.<\/p><p>El m\u00e9todo empleado para preparar la declaraci\u00f3n ha sido una autoevaluaci\u00f3n llevada a cabo por el propio organismo.<\/p><p>\u00daltima revisi\u00f3n de la declaraci\u00f3n: 28\/10\/2025.<\/p><h4>Observaciones Y Datos De Contacto<\/h4><p>Puede realizar comunicaciones sobre requisitos de accesibilidad (articulo 10.2.a del RD 1112\/2018) como por ejemplo:<\/p><ul><li>Informar sobre cualquier posible incumplimiento por parte de este sitio web<\/li><\/ul><ul><li>Transmitir otras dificultades de acceso al contenido<\/li><\/ul><ul><li>Formular cualquier otra consulta o sugerencia de mejora relativa a la accesibilidad del sitio web<\/li><\/ul><p>A trav\u00e9s del\u00a0<a href=\"https:\/\/krosvertical.com\/formulario-de-contacto-accesibilidad\/\">formulario de contacto<\/a> de este sitio web o a trav\u00e9s del n\u00famero de tel\u00e9fono (+34) 647 359 250.<\/p><p>Puede presentar:<\/p><ul><li><strong>Queja\u00a0<\/strong>relativa al cumplimiento de los requisitos del RD 1112\/2018 o<\/li><\/ul><ul><li><strong>Solicitud de Informaci\u00f3n accesible<\/strong>\u00a0relativa a:<ul><li>Contenidos que est\u00e1n\u00a0excluidos\u00a0del\u00a0\u00e1mbito de aplicaci\u00f3n\u00a0del RD 1112\/2018 seg\u00fan lo establecido por el art\u00edculo 3, apartado 4<\/li><\/ul><ul><li>Contenidos que est\u00e1n exentos del cumplimiento de los requisitos de accesibilidad por imponer una carga desproporcionada.<\/li><\/ul><\/li><\/ul><p>En la Solicitud de informaci\u00f3n accesible, se debe concretar, con toda claridad, los hechos, razones y petici\u00f3n que permitan constatar que se trata de una solicitud razonable y leg\u00edtima.<\/p><p>Las comunicaciones ser\u00e1n recibidas y tratadas por la direcci\u00f3n de la empresa.<\/p><h4>Procedimiento De Aplicaci\u00f3n<\/h4><p>Si una vez realizada una solicitud de informaci\u00f3n accesible o queja, esta hubiera sido desestimada, no se estuviera de acuerdo con la decisi\u00f3n adoptada, o la respuesta no cumpliera los requisitos contemplados en el art\u00edculo 12.5, la persona interesada podr\u00e1 iniciar una reclamaci\u00f3n. Igualmente se podr\u00e1 iniciar una reclamaci\u00f3n en el caso de que haya trascurrido el plazo de veinte d\u00edas h\u00e1biles sin haber obtenido respuesta.<\/p><p>La reclamaci\u00f3n puede ser presentada trav\u00e9s del tr\u00e1mite de\u00a0<a href=\"https:\/\/www.educacionyfp.gob.es\/servicios-al-ciudadano\/catalogo\/varios\/quejas-sugerencias.html\" target=\"_blank\" rel=\"noreferrer noopener\">Quejas y sugerencias<\/a>\u00a0del Ministerio de Educaci\u00f3n y Formaci\u00f3n Profesional, as\u00ed como del resto de opciones recogidas en la Ley 39\/ 2015, de 1 de octubre, del Procedimiento Administrativo Com\u00fan de las Administraciones P\u00fablicas. Las reclamaciones ser\u00e1n recibidas y tratadas por la Subdirecci\u00f3n General de Inspecci\u00f3n de Servicios del Ministerio.<\/p><h4>Contenido Opcional<\/h4><p>El sitio web est\u00e1 optimizado para los principales navegadores.\u00a0Adem\u00e1s de las ayudas de accesibilidad propias de los navegadores y sistemas operativos, se incorpora un plugin de accesibilidad que facilita la navegaci\u00f3n a trav\u00e9s del sitio web, el cual proporciona:<\/p><ul><li>Aumento tama\u00f1o texto<\/li><li>Disminuci\u00f3n tama\u00f1o texto<\/li><li>Escala de grises<\/li><li>Alto contraste<\/li><li>Contraste negativo<\/li><li>Fondo claro<\/li><li>Subrayar enlaces<\/li><li>Fuente legible<\/li><li>Restablecer ajustes<\/li><\/ul><p>Estas son algunas de las ayudas que permiten actualmente a las personas acceder a toda la informaci\u00f3n publicada en cualquiera de los formatos que est\u00e1n dentro del sitio web. El sitio web est\u00e1 dise\u00f1ado para su visualizaci\u00f3n Responsive, con lo que se visualiza de forma \u00f3ptima en los dispositivos tablet y m\u00f3viles.<\/p><p>Este sitio web actualmente se encuentra en continua modificaci\u00f3n y actualizaci\u00f3n para seguir corrigiendo errores y adaptarlos en lo relativo a la accesibilidad.<\/p>\t\t\t\t\t\t\t\t<\/div>\n\t\t\t\t<\/div>\n\t\t\t\t\t<\/div>\n\t\t\t\t<\/div>\n\t\t\t\t<\/div>\n\t\t","protected":false},"excerpt":{"rendered":"<p>KROS VERTICAL S.L. se ha comprometido a hacer accesible https:\/\/krosvertical.com\/, de conformidad con el\u00a0Real Decreto 1112\/2018, de 7 de septiembre, sobre accesibilidad de los sitios web y aplicaciones para dispositivos m\u00f3viles del sector p\u00fablico. La presente declaraci\u00f3n de accesibilidad se aplica al dominio https:\/\/krosvertical.com\/ Situaci\u00f3n De Cumplimiento Este sitio web es parcialmente conforme con el [&hellip;]<\/p>\n","protected":false},"author":2,"featured_media":0,"parent":0,"menu_order":0,"comment_status":"closed","ping_status":"closed","template":"","meta":{"footnotes":""},"class_list":["post-6665","page","type-page","status-publish","hentry"],"yoast_head":"<!-- This site is optimized with the Yoast SEO plugin v27.4 - https:\/\/yoast.com\/product\/yoast-seo-wordpress\/ -->\n<title>Trabajos Verticales Sevilla | KROS VERTICAL<\/title>\n<meta name=\"description\" content=\"En Kros Vertical Somos especialistas en trabajos verticales y de dif\u00edcil acceso con una dilatada experiencia en el sector de la construcci\u00f3n, limpieza, alba\u00f1iler\u00eda y pintura.\" \/>\n<meta name=\"robots\" content=\"index, follow, max-snippet:-1, max-image-preview:large, max-video-preview:-1\" \/>\n<link rel=\"canonical\" href=\"https:\/\/krosvertical.com\/en_en\/declaracion-de-accesibilidad\/\" \/>\n<meta property=\"og:locale\" content=\"en_GB\" \/>\n<meta property=\"og:type\" content=\"article\" \/>\n<meta property=\"og:title\" content=\"Trabajos Verticales Sevilla | KROS VERTICAL\" \/>\n<meta property=\"og:description\" content=\"En Kros Vertical Somos especialistas en trabajos verticales y de dif\u00edcil acceso con una dilatada experiencia en el sector de la construcci\u00f3n, limpieza, alba\u00f1iler\u00eda y pintura.\" \/>\n<meta property=\"og:url\" content=\"https:\/\/krosvertical.com\/en_en\/declaracion-de-accesibilidad\/\" \/>\n<meta property=\"og:site_name\" content=\"KrosVertical\" \/>\n<meta property=\"article:publisher\" content=\"https:\/\/www.facebook.com\/groups\/987621488990247\/user\/100063481604682?locale=es_ES\" \/>\n<meta property=\"article:modified_time\" content=\"2025-10-28T09:47:19+00:00\" \/>\n<meta name=\"twitter:card\" content=\"summary_large_image\" \/>\n<meta name=\"twitter:label1\" content=\"Estimated reading time\" \/>\n\t<meta name=\"twitter:data1\" content=\"5 minutes\" \/>\n<script type=\"application\/ld+json\" class=\"yoast-schema-graph\">{\"@context\":\"https:\\\/\\\/schema.org\",\"@graph\":[{\"@type\":\"WebPage\",\"@id\":\"https:\\\/\\\/krosvertical.com\\\/declaracion-de-accesibilidad\\\/\",\"url\":\"https:\\\/\\\/krosvertical.com\\\/declaracion-de-accesibilidad\\\/\",\"name\":\"Trabajos Verticales Sevilla | KROS VERTICAL\",\"isPartOf\":{\"@id\":\"https:\\\/\\\/krosvertical.com\\\/#website\"},\"datePublished\":\"2025-10-28T09:18:14+00:00\",\"dateModified\":\"2025-10-28T09:47:19+00:00\",\"description\":\"En Kros Vertical Somos especialistas en trabajos verticales y de dif\u00edcil acceso con una dilatada experiencia en el sector de la construcci\u00f3n, limpieza, alba\u00f1iler\u00eda y pintura.\",\"breadcrumb\":{\"@id\":\"https:\\\/\\\/krosvertical.com\\\/declaracion-de-accesibilidad\\\/#breadcrumb\"},\"inLanguage\":\"en-GB\",\"potentialAction\":[{\"@type\":\"ReadAction\",\"target\":[\"https:\\\/\\\/krosvertical.com\\\/declaracion-de-accesibilidad\\\/\"]}]},{\"@type\":\"BreadcrumbList\",\"@id\":\"https:\\\/\\\/krosvertical.com\\\/declaracion-de-accesibilidad\\\/#breadcrumb\",\"itemListElement\":[{\"@type\":\"ListItem\",\"position\":1,\"name\":\"Portada\",\"item\":\"https:\\\/\\\/krosvertical.com\\\/\"},{\"@type\":\"ListItem\",\"position\":2,\"name\":\"Declaraci\u00f3n de accesibilidad\"}]},{\"@type\":\"WebSite\",\"@id\":\"https:\\\/\\\/krosvertical.com\\\/#website\",\"url\":\"https:\\\/\\\/krosvertical.com\\\/\",\"name\":\"KrosVertical\",\"description\":\"Trabajos Verticales Sevilla\",\"publisher\":{\"@id\":\"https:\\\/\\\/krosvertical.com\\\/#organization\"},\"potentialAction\":[{\"@type\":\"SearchAction\",\"target\":{\"@type\":\"EntryPoint\",\"urlTemplate\":\"https:\\\/\\\/krosvertical.com\\\/?s={search_term_string}\"},\"query-input\":{\"@type\":\"PropertyValueSpecification\",\"valueRequired\":true,\"valueName\":\"search_term_string\"}}],\"inLanguage\":\"en-GB\"},{\"@type\":\"Organization\",\"@id\":\"https:\\\/\\\/krosvertical.com\\\/#organization\",\"name\":\"KrosVertical\",\"url\":\"https:\\\/\\\/krosvertical.com\\\/\",\"logo\":{\"@type\":\"ImageObject\",\"inLanguage\":\"en-GB\",\"@id\":\"https:\\\/\\\/krosvertical.com\\\/#\\\/schema\\\/logo\\\/image\\\/\",\"url\":\"https:\\\/\\\/krosvertical.com\\\/wp-content\\\/uploads\\\/2020\\\/02\\\/krosvertical-logo-2020.png\",\"contentUrl\":\"https:\\\/\\\/krosvertical.com\\\/wp-content\\\/uploads\\\/2020\\\/02\\\/krosvertical-logo-2020.png\",\"width\":1000,\"height\":243,\"caption\":\"KrosVertical\"},\"image\":{\"@id\":\"https:\\\/\\\/krosvertical.com\\\/#\\\/schema\\\/logo\\\/image\\\/\"},\"sameAs\":[\"https:\\\/\\\/www.facebook.com\\\/groups\\\/987621488990247\\\/user\\\/100063481604682?locale=es_ES\",\"https:\\\/\\\/www.instagram.com\\\/krosvertical\\\/\"]}]}<\/script>\n<!-- \/ Yoast SEO plugin. -->","yoast_head_json":{"title":"Trabajos Verticales Sevilla | KROS VERTICAL","description":"En Kros Vertical Somos especialistas en trabajos verticales y de dif\u00edcil acceso con una dilatada experiencia en el sector de la construcci\u00f3n, limpieza, alba\u00f1iler\u00eda y pintura.","robots":{"index":"index","follow":"follow","max-snippet":"max-snippet:-1","max-image-preview":"max-image-preview:large","max-video-preview":"max-video-preview:-1"},"canonical":"https:\/\/krosvertical.com\/en_en\/declaracion-de-accesibilidad\/","og_locale":"en_GB","og_type":"article","og_title":"Trabajos Verticales Sevilla | KROS VERTICAL","og_description":"En Kros Vertical Somos especialistas en trabajos verticales y de dif\u00edcil acceso con una dilatada experiencia en el sector de la construcci\u00f3n, limpieza, alba\u00f1iler\u00eda y pintura.","og_url":"https:\/\/krosvertical.com\/en_en\/declaracion-de-accesibilidad\/","og_site_name":"KrosVertical","article_publisher":"https:\/\/www.facebook.com\/groups\/987621488990247\/user\/100063481604682?locale=es_ES","article_modified_time":"2025-10-28T09:47:19+00:00","twitter_card":"summary_large_image","twitter_misc":{"Estimated reading time":"5 minutes"},"schema":{"@context":"https:\/\/schema.org","@graph":[{"@type":"WebPage","@id":"https:\/\/krosvertical.com\/declaracion-de-accesibilidad\/","url":"https:\/\/krosvertical.com\/declaracion-de-accesibilidad\/","name":"Trabajos Verticales Sevilla | KROS VERTICAL","isPartOf":{"@id":"https:\/\/krosvertical.com\/#website"},"datePublished":"2025-10-28T09:18:14+00:00","dateModified":"2025-10-28T09:47:19+00:00","description":"En Kros Vertical Somos especialistas en trabajos verticales y de dif\u00edcil acceso con una dilatada experiencia en el sector de la construcci\u00f3n, limpieza, alba\u00f1iler\u00eda y pintura.","breadcrumb":{"@id":"https:\/\/krosvertical.com\/declaracion-de-accesibilidad\/#breadcrumb"},"inLanguage":"en-GB","potentialAction":[{"@type":"ReadAction","target":["https:\/\/krosvertical.com\/declaracion-de-accesibilidad\/"]}]},{"@type":"BreadcrumbList","@id":"https:\/\/krosvertical.com\/declaracion-de-accesibilidad\/#breadcrumb","itemListElement":[{"@type":"ListItem","position":1,"name":"Portada","item":"https:\/\/krosvertical.com\/"},{"@type":"ListItem","position":2,"name":"Declaraci\u00f3n de accesibilidad"}]},{"@type":"WebSite","@id":"https:\/\/krosvertical.com\/#website","url":"https:\/\/krosvertical.com\/","name":"KrosVertical","description":"Trabajos Verticales Sevilla","publisher":{"@id":"https:\/\/krosvertical.com\/#organization"},"potentialAction":[{"@type":"SearchAction","target":{"@type":"EntryPoint","urlTemplate":"https:\/\/krosvertical.com\/?s={search_term_string}"},"query-input":{"@type":"PropertyValueSpecification","valueRequired":true,"valueName":"search_term_string"}}],"inLanguage":"en-GB"},{"@type":"Organization","@id":"https:\/\/krosvertical.com\/#organization","name":"KrosVertical","url":"https:\/\/krosvertical.com\/","logo":{"@type":"ImageObject","inLanguage":"en-GB","@id":"https:\/\/krosvertical.com\/#\/schema\/logo\/image\/","url":"https:\/\/krosvertical.com\/wp-content\/uploads\/2020\/02\/krosvertical-logo-2020.png","contentUrl":"https:\/\/krosvertical.com\/wp-content\/uploads\/2020\/02\/krosvertical-logo-2020.png","width":1000,"height":243,"caption":"KrosVertical"},"image":{"@id":"https:\/\/krosvertical.com\/#\/schema\/logo\/image\/"},"sameAs":["https:\/\/www.facebook.com\/groups\/987621488990247\/user\/100063481604682?locale=es_ES","https:\/\/www.instagram.com\/krosvertical\/"]}]}},"_links":{"self":[{"href":"https:\/\/krosvertical.com\/en_en\/wp-json\/wp\/v2\/pages\/6665","targetHints":{"allow":["GET"]}}],"collection":[{"href":"https:\/\/krosvertical.com\/en_en\/wp-json\/wp\/v2\/pages"}],"about":[{"href":"https:\/\/krosvertical.com\/en_en\/wp-json\/wp\/v2\/types\/page"}],"author":[{"embeddable":true,"href":"https:\/\/krosvertical.com\/en_en\/wp-json\/wp\/v2\/users\/2"}],"replies":[{"embeddable":true,"href":"https:\/\/krosvertical.com\/en_en\/wp-json\/wp\/v2\/comments?post=6665"}],"version-history":[{"count":0,"href":"https:\/\/krosvertical.com\/en_en\/wp-json\/wp\/v2\/pages\/6665\/revisions"}],"wp:attachment":[{"href":"https:\/\/krosvertical.com\/en_en\/wp-json\/wp\/v2\/media?parent=6665"}],"curies":[{"name":"wp","href":"https:\/\/api.w.org\/{rel}","templated":true}]}}