{"id":6411,"date":"2025-09-26T01:58:40","date_gmt":"2025-09-26T07:58:40","guid":{"rendered":"https:\/\/krosvertical.com\/?page_id=6411"},"modified":"2025-09-26T01:59:18","modified_gmt":"2025-09-26T07:59:18","slug":"mapa-de-sitio","status":"publish","type":"page","link":"https:\/\/krosvertical.com\/en_en\/mapa-de-sitio\/","title":{"rendered":"Mapa de sitio"},"content":{"rendered":"<div data-elementor-type=\"wp-page\" data-elementor-id=\"6411\" class=\"elementor elementor-6411\" data-elementor-post-type=\"page\">\n\t\t\t\t<div class=\"elementor-element elementor-element-9806cc9 e-flex e-con-boxed e-con e-parent\" data-id=\"9806cc9\" data-element_type=\"container\" data-e-type=\"container\">\n\t\t\t\t\t<div class=\"e-con-inner\">\n\t\t\t\t<div class=\"elementor-element elementor-element-f1056ab elementor-widget elementor-widget-sitemap\" data-id=\"f1056ab\" data-element_type=\"widget\" data-e-type=\"widget\" data-widget_type=\"sitemap.default\">\n\t\t\t\t<div class=\"elementor-widget-container\">\n\t\t\t\t\t<div class=\"elementor-sitemap-wrap\"><div class=\"elementor-sitemap-section\"><h2 class=\"elementor-sitemap-title elementor-sitemap-page-title\">P\u00e1ginas<\/h2><ul class=\"elementor-sitemap-list elementor-sitemap-page-list\"><li class=\"elementor-sitemap-item elementor-sitemap-item-page page_item page-item-6673\"><a href=\"https:\/\/krosvertical.com\/en_en\/formulario-de-contacto-accesibilidad\/\">Formulario de contacto: accesibilidad<\/a><\/li><li class=\"elementor-sitemap-item elementor-sitemap-item-page page_item page-item-6665\"><a href=\"https:\/\/krosvertical.com\/en_en\/declaracion-de-accesibilidad\/\">Accessibility statement<\/a><\/li><li class=\"elementor-sitemap-item elementor-sitemap-item-page page_item page-item-6411\"><a href=\"https:\/\/krosvertical.com\/en_en\/mapa-de-sitio\/\">Mapa de sitio<\/a><\/li><li class=\"elementor-sitemap-item elementor-sitemap-item-page page_item page-item-6363\"><a href=\"https:\/\/krosvertical.com\/en_en\/trabajos-verticales\/\">Trabajos verticales<\/a><\/li><li class=\"elementor-sitemap-item elementor-sitemap-item-page page_item page-item-6354\"><a href=\"https:\/\/krosvertical.com\/en_en\/impermeabilizacion-de-cubiertas\/\">Impermeabilizaci\u00f3n de cubiertas<\/a><\/li><li class=\"elementor-sitemap-item elementor-sitemap-item-page page_item page-item-6345\"><a href=\"https:\/\/krosvertical.com\/en_en\/reparacion-y-rehabilitacion-de-fachadas\/\">Reparaci\u00f3n y Rehabilitaci\u00f3n de fachadas<\/a><\/li><li class=\"elementor-sitemap-item elementor-sitemap-item-page page_item page-item-5938\"><a href=\"https:\/\/krosvertical.com\/en_en\/cookies\/\">Cookies policy<\/a><\/li><li class=\"elementor-sitemap-item elementor-sitemap-item-page page_item page-item-5937\"><a href=\"https:\/\/krosvertical.com\/en_en\/privacidad\/\">Privacy policy<\/a><\/li><li class=\"elementor-sitemap-item elementor-sitemap-item-page page_item page-item-5936\"><a href=\"https:\/\/krosvertical.com\/en_en\/aviso-legal\/\">Legal notice<\/a><\/li><li class=\"elementor-sitemap-item elementor-sitemap-item-page page_item page-item-5863\"><a href=\"https:\/\/krosvertical.com\/en_en\/portfolio\/\">Portfolio<\/a><\/li><li class=\"elementor-sitemap-item elementor-sitemap-item-page page_item page-item-5536\"><a href=\"https:\/\/krosvertical.com\/en_en\/trabaja-con-nosotros\/\">Work with us<\/a><\/li><li class=\"elementor-sitemap-item elementor-sitemap-item-page page_item page-item-5251\"><a href=\"https:\/\/krosvertical.com\/en_en\/lineas-de-vida\/\">L\u00edneas de vida<\/a><\/li><li class=\"elementor-sitemap-item elementor-sitemap-item-page page_item page-item-5212\"><a href=\"https:\/\/krosvertical.com\/en_en\/politica-de-calidad-y-medio-ambiente\/\">Quality and environmental policy<\/a><\/li><li class=\"elementor-sitemap-item elementor-sitemap-item-page page_item page-item-5076\"><a href=\"https:\/\/krosvertical.com\/en_en\/politica-de-privacidad\/\">Privacy Policy<\/a><\/li><li class=\"elementor-sitemap-item elementor-sitemap-item-page page_item page-item-5075\"><a href=\"https:\/\/krosvertical.com\/en_en\/politica-de-cookies\/\">Cookie Policy<\/a><\/li><li class=\"elementor-sitemap-item elementor-sitemap-item-page page_item page-item-5074\"><a href=\"https:\/\/krosvertical.com\/en_en\/avisos-legales\/\">Legal Notices<\/a><\/li><li class=\"elementor-sitemap-item elementor-sitemap-item-page page_item page-item-4813\"><a href=\"https:\/\/krosvertical.com\/en_en\/gracias\/\">Gracias<\/a><\/li><li class=\"elementor-sitemap-item elementor-sitemap-item-page page_item page-item-4120\"><a href=\"https:\/\/krosvertical.com\/en_en\/reformas-sevilla\/\">Alba\u00f1iler\u00eda y reformas<\/a><\/li><li class=\"elementor-sitemap-item elementor-sitemap-item-page page_item page-item-4021 current_page_parent\"><a href=\"https:\/\/krosvertical.com\/en_en\/noticias\/\">Notices<\/a><\/li><li class=\"elementor-sitemap-item elementor-sitemap-item-page page_item page-item-3955\"><a href=\"https:\/\/krosvertical.com\/en_en\/contacto\/\">Contact<\/a><\/li><li class=\"elementor-sitemap-item elementor-sitemap-item-page page_item page-item-3809\"><a href=\"https:\/\/krosvertical.com\/en_en\/servicios\/\">Services<\/a><\/li><li class=\"elementor-sitemap-item elementor-sitemap-item-page page_item page-item-3737\"><a href=\"https:\/\/krosvertical.com\/en_en\/trabajos-verticales-industrias\/\">Trabajos para industrias<\/a><\/li><li class=\"elementor-sitemap-item elementor-sitemap-item-page page_item page-item-3721\"><a href=\"https:\/\/krosvertical.com\/en_en\/trabajos-realizados\/\">Trabajos realizados<\/a><\/li><li class=\"elementor-sitemap-item elementor-sitemap-item-page page_item page-item-3698\"><a href=\"https:\/\/krosvertical.com\/en_en\/empresa\/\">Company<\/a><\/li><li class=\"elementor-sitemap-item elementor-sitemap-item-page page_item page-item-728\"><a href=\"https:\/\/krosvertical.com\/en_en\/trabajos\/\">Portfolios<\/a><\/li><li class=\"elementor-sitemap-item elementor-sitemap-item-page page_item page-item-58\"><a href=\"https:\/\/krosvertical.com\/en_en\/\">Trabajos Verticales Sevilla<\/a><\/li><\/ul><\/div><\/div>\t\t\t\t<\/div>\n\t\t\t\t<\/div>\n\t\t\t\t\t<\/div>\n\t\t\t\t<\/div>\n\t\t\t\t<\/div>","protected":false},"excerpt":{"rendered":"","protected":false},"author":2,"featured_media":0,"parent":0,"menu_order":0,"comment_status":"closed","ping_status":"closed","template":"","meta":{"footnotes":""},"class_list":["post-6411","page","type-page","status-publish","hentry"],"yoast_head":"<!-- This site is optimized with the Yoast SEO plugin v27.4 - https:\/\/yoast.com\/product\/yoast-seo-wordpress\/ -->\n<title>Trabajos Verticales Sevilla | KROS VERTICAL<\/title>\n<meta name=\"description\" content=\"En Kros Vertical Somos especialistas en trabajos verticales y de dif\u00edcil acceso con una dilatada experiencia en el sector de la construcci\u00f3n, limpieza, alba\u00f1iler\u00eda y pintura.\" \/>\n<meta name=\"robots\" content=\"index, follow, max-snippet:-1, max-image-preview:large, max-video-preview:-1\" \/>\n<link rel=\"canonical\" href=\"https:\/\/krosvertical.com\/en_en\/mapa-de-sitio\/\" \/>\n<meta property=\"og:locale\" content=\"en_GB\" \/>\n<meta property=\"og:type\" content=\"article\" \/>\n<meta property=\"og:title\" content=\"Trabajos Verticales Sevilla | KROS VERTICAL\" \/>\n<meta property=\"og:description\" content=\"En Kros Vertical Somos especialistas en trabajos verticales y de dif\u00edcil acceso con una dilatada experiencia en el sector de la construcci\u00f3n, limpieza, alba\u00f1iler\u00eda y pintura.\" \/>\n<meta property=\"og:url\" content=\"https:\/\/krosvertical.com\/en_en\/mapa-de-sitio\/\" \/>\n<meta property=\"og:site_name\" content=\"KrosVertical\" \/>\n<meta property=\"article:publisher\" content=\"https:\/\/www.facebook.com\/groups\/987621488990247\/user\/100063481604682?locale=es_ES\" \/>\n<meta property=\"article:modified_time\" content=\"2025-09-26T07:59:18+00:00\" \/>\n<meta name=\"twitter:card\" content=\"summary_large_image\" \/>\n<script type=\"application\/ld+json\" class=\"yoast-schema-graph\">{\"@context\":\"https:\\\/\\\/schema.org\",\"@graph\":[{\"@type\":\"WebPage\",\"@id\":\"https:\\\/\\\/krosvertical.com\\\/mapa-de-sitio\\\/\",\"url\":\"https:\\\/\\\/krosvertical.com\\\/mapa-de-sitio\\\/\",\"name\":\"Trabajos Verticales Sevilla | KROS VERTICAL\",\"isPartOf\":{\"@id\":\"https:\\\/\\\/krosvertical.com\\\/#website\"},\"datePublished\":\"2025-09-26T07:58:40+00:00\",\"dateModified\":\"2025-09-26T07:59:18+00:00\",\"description\":\"En Kros Vertical Somos especialistas en trabajos verticales y de dif\u00edcil acceso con una dilatada experiencia en el sector de la construcci\u00f3n, limpieza, alba\u00f1iler\u00eda y pintura.\",\"breadcrumb\":{\"@id\":\"https:\\\/\\\/krosvertical.com\\\/mapa-de-sitio\\\/#breadcrumb\"},\"inLanguage\":\"en-GB\",\"potentialAction\":[{\"@type\":\"ReadAction\",\"target\":[\"https:\\\/\\\/krosvertical.com\\\/mapa-de-sitio\\\/\"]}]},{\"@type\":\"BreadcrumbList\",\"@id\":\"https:\\\/\\\/krosvertical.com\\\/mapa-de-sitio\\\/#breadcrumb\",\"itemListElement\":[{\"@type\":\"ListItem\",\"position\":1,\"name\":\"Portada\",\"item\":\"https:\\\/\\\/krosvertical.com\\\/\"},{\"@type\":\"ListItem\",\"position\":2,\"name\":\"Mapa de sitio\"}]},{\"@type\":\"WebSite\",\"@id\":\"https:\\\/\\\/krosvertical.com\\\/#website\",\"url\":\"https:\\\/\\\/krosvertical.com\\\/\",\"name\":\"KrosVertical\",\"description\":\"Trabajos Verticales Sevilla\",\"publisher\":{\"@id\":\"https:\\\/\\\/krosvertical.com\\\/#organization\"},\"potentialAction\":[{\"@type\":\"SearchAction\",\"target\":{\"@type\":\"EntryPoint\",\"urlTemplate\":\"https:\\\/\\\/krosvertical.com\\\/?s={search_term_string}\"},\"query-input\":{\"@type\":\"PropertyValueSpecification\",\"valueRequired\":true,\"valueName\":\"search_term_string\"}}],\"inLanguage\":\"en-GB\"},{\"@type\":\"Organization\",\"@id\":\"https:\\\/\\\/krosvertical.com\\\/#organization\",\"name\":\"KrosVertical\",\"url\":\"https:\\\/\\\/krosvertical.com\\\/\",\"logo\":{\"@type\":\"ImageObject\",\"inLanguage\":\"en-GB\",\"@id\":\"https:\\\/\\\/krosvertical.com\\\/#\\\/schema\\\/logo\\\/image\\\/\",\"url\":\"https:\\\/\\\/krosvertical.com\\\/wp-content\\\/uploads\\\/2020\\\/02\\\/krosvertical-logo-2020.png\",\"contentUrl\":\"https:\\\/\\\/krosvertical.com\\\/wp-content\\\/uploads\\\/2020\\\/02\\\/krosvertical-logo-2020.png\",\"width\":1000,\"height\":243,\"caption\":\"KrosVertical\"},\"image\":{\"@id\":\"https:\\\/\\\/krosvertical.com\\\/#\\\/schema\\\/logo\\\/image\\\/\"},\"sameAs\":[\"https:\\\/\\\/www.facebook.com\\\/groups\\\/987621488990247\\\/user\\\/100063481604682?locale=es_ES\",\"https:\\\/\\\/www.instagram.com\\\/krosvertical\\\/\"]}]}<\/script>\n<!-- \/ Yoast SEO plugin. -->","yoast_head_json":{"title":"Trabajos Verticales Sevilla | KROS VERTICAL","description":"En Kros Vertical Somos especialistas en trabajos verticales y de dif\u00edcil acceso con una dilatada experiencia en el sector de la construcci\u00f3n, limpieza, alba\u00f1iler\u00eda y pintura.","robots":{"index":"index","follow":"follow","max-snippet":"max-snippet:-1","max-image-preview":"max-image-preview:large","max-video-preview":"max-video-preview:-1"},"canonical":"https:\/\/krosvertical.com\/en_en\/mapa-de-sitio\/","og_locale":"en_GB","og_type":"article","og_title":"Trabajos Verticales Sevilla | KROS VERTICAL","og_description":"En Kros Vertical Somos especialistas en trabajos verticales y de dif\u00edcil acceso con una dilatada experiencia en el sector de la construcci\u00f3n, limpieza, alba\u00f1iler\u00eda y pintura.","og_url":"https:\/\/krosvertical.com\/en_en\/mapa-de-sitio\/","og_site_name":"KrosVertical","article_publisher":"https:\/\/www.facebook.com\/groups\/987621488990247\/user\/100063481604682?locale=es_ES","article_modified_time":"2025-09-26T07:59:18+00:00","twitter_card":"summary_large_image","schema":{"@context":"https:\/\/schema.org","@graph":[{"@type":"WebPage","@id":"https:\/\/krosvertical.com\/mapa-de-sitio\/","url":"https:\/\/krosvertical.com\/mapa-de-sitio\/","name":"Trabajos Verticales Sevilla | KROS VERTICAL","isPartOf":{"@id":"https:\/\/krosvertical.com\/#website"},"datePublished":"2025-09-26T07:58:40+00:00","dateModified":"2025-09-26T07:59:18+00:00","description":"En Kros Vertical Somos especialistas en trabajos verticales y de dif\u00edcil acceso con una dilatada experiencia en el sector de la construcci\u00f3n, limpieza, alba\u00f1iler\u00eda y pintura.","breadcrumb":{"@id":"https:\/\/krosvertical.com\/mapa-de-sitio\/#breadcrumb"},"inLanguage":"en-GB","potentialAction":[{"@type":"ReadAction","target":["https:\/\/krosvertical.com\/mapa-de-sitio\/"]}]},{"@type":"BreadcrumbList","@id":"https:\/\/krosvertical.com\/mapa-de-sitio\/#breadcrumb","itemListElement":[{"@type":"ListItem","position":1,"name":"Portada","item":"https:\/\/krosvertical.com\/"},{"@type":"ListItem","position":2,"name":"Mapa de sitio"}]},{"@type":"WebSite","@id":"https:\/\/krosvertical.com\/#website","url":"https:\/\/krosvertical.com\/","name":"KrosVertical","description":"Trabajos Verticales Sevilla","publisher":{"@id":"https:\/\/krosvertical.com\/#organization"},"potentialAction":[{"@type":"SearchAction","target":{"@type":"EntryPoint","urlTemplate":"https:\/\/krosvertical.com\/?s={search_term_string}"},"query-input":{"@type":"PropertyValueSpecification","valueRequired":true,"valueName":"search_term_string"}}],"inLanguage":"en-GB"},{"@type":"Organization","@id":"https:\/\/krosvertical.com\/#organization","name":"KrosVertical","url":"https:\/\/krosvertical.com\/","logo":{"@type":"ImageObject","inLanguage":"en-GB","@id":"https:\/\/krosvertical.com\/#\/schema\/logo\/image\/","url":"https:\/\/krosvertical.com\/wp-content\/uploads\/2020\/02\/krosvertical-logo-2020.png","contentUrl":"https:\/\/krosvertical.com\/wp-content\/uploads\/2020\/02\/krosvertical-logo-2020.png","width":1000,"height":243,"caption":"KrosVertical"},"image":{"@id":"https:\/\/krosvertical.com\/#\/schema\/logo\/image\/"},"sameAs":["https:\/\/www.facebook.com\/groups\/987621488990247\/user\/100063481604682?locale=es_ES","https:\/\/www.instagram.com\/krosvertical\/"]}]}},"_links":{"self":[{"href":"https:\/\/krosvertical.com\/en_en\/wp-json\/wp\/v2\/pages\/6411","targetHints":{"allow":["GET"]}}],"collection":[{"href":"https:\/\/krosvertical.com\/en_en\/wp-json\/wp\/v2\/pages"}],"about":[{"href":"https:\/\/krosvertical.com\/en_en\/wp-json\/wp\/v2\/types\/page"}],"author":[{"embeddable":true,"href":"https:\/\/krosvertical.com\/en_en\/wp-json\/wp\/v2\/users\/2"}],"replies":[{"embeddable":true,"href":"https:\/\/krosvertical.com\/en_en\/wp-json\/wp\/v2\/comments?post=6411"}],"version-history":[{"count":0,"href":"https:\/\/krosvertical.com\/en_en\/wp-json\/wp\/v2\/pages\/6411\/revisions"}],"wp:attachment":[{"href":"https:\/\/krosvertical.com\/en_en\/wp-json\/wp\/v2\/media?parent=6411"}],"curies":[{"name":"wp","href":"https:\/\/api.w.org\/{rel}","templated":true}]}}