{"id":5536,"date":"2022-06-17T05:10:18","date_gmt":"2022-06-17T11:10:18","guid":{"rendered":"https:\/\/krosvertical.com\/?page_id=5536"},"modified":"2025-09-05T02:15:28","modified_gmt":"2025-09-05T08:15:28","slug":"trabaja-con-nosotros","status":"publish","type":"page","link":"https:\/\/krosvertical.com\/en_en\/trabaja-con-nosotros\/","title":{"rendered":"Work with us"},"content":{"rendered":"<div data-elementor-type=\"wp-page\" data-elementor-id=\"5536\" class=\"elementor elementor-5536\" data-elementor-post-type=\"page\">\n\t\t\t\t<div class=\"elementor-element elementor-element-44022aab e-flex e-con-boxed e-con e-parent\" data-id=\"44022aab\" data-element_type=\"container\" data-e-type=\"container\" data-settings=\"{&quot;background_background&quot;:&quot;classic&quot;,&quot;shape_divider_top&quot;:&quot;triangle-asymmetrical&quot;}\">\n\t\t\t\t\t<div class=\"e-con-inner\">\n\t\t\t\t<div class=\"elementor-shape elementor-shape-top\" aria-hidden=\"true\" data-negative=\"false\">\n\t\t\t<svg xmlns=\"http:\/\/www.w3.org\/2000\/svg\" viewbox=\"0 0 1000 100\" preserveaspectratio=\"none\">\n\t<path class=\"elementor-shape-fill\" d=\"M738,99l262-93V0H0v5.6L738,99z\"\/>\n<\/svg>\t\t<\/div>\n\t\t<div class=\"elementor-element elementor-element-5e47dc20 e-flex e-con-boxed e-con e-child\" data-id=\"5e47dc20\" data-element_type=\"container\" data-e-type=\"container\">\n\t\t\t\t\t<div class=\"e-con-inner\">\n\t\t\t\t<div class=\"elementor-element elementor-element-aca08a6 elementor-view-default elementor-widget elementor-widget-icon\" data-id=\"aca08a6\" data-element_type=\"widget\" data-e-type=\"widget\" data-widget_type=\"icon.default\">\n\t\t\t\t<div class=\"elementor-widget-container\">\n\t\t\t\t\t\t\t<div class=\"elementor-icon-wrapper\">\n\t\t\t<div class=\"elementor-icon\">\n\t\t\t<svg xmlns=\"http:\/\/www.w3.org\/2000\/svg\" height=\"512pt\" viewbox=\"-9 0 512 512.001\" width=\"512pt\"><path d=\"m493.972656 338.316406c-.113281-23.109375-12.726562-29.398437-23.285156-30.605468-.242188-.027344-.484375-.042969-.726562-.046876-19.070313-.335937-27.308594-5.1875-36.03125-10.324218-8.863282-5.222656-18.03125-10.621094-36.066407-10.621094-8.867187 0-15.582031 1.308594-21.179687 3.257812-9.632813-21.199218-28.90625-26.707031-47.597656-32.03125-2.738282-.78125-5.570313-1.589843-8.390626-2.441406l-47.488281-14.429687c17.488281-15.679688 30.953125-36.039063 36.671875-56.222657 6.296875-1.285156 12.652344-4.734374 17.78125-9.804687 6.355469-6.277344 9.996094-14.191406 9.996094-21.707031v-9.550782c0-8.105468-5.636719-14.902343-13.191406-16.726562.273437-1.269531.429687-2.582031.429687-3.933594v-10.375c0-8.089844-5.214843-14.96875-12.453125-17.5-5.578125-35.449218-28.671875-65.425781-61.660156-79.832031-3.363281-8.996094-12.042969-15.421875-22.191406-15.421875h-39.128906c-10.113282 0-18.761719 6.359375-22.167969 15.285156-16.308594 7.070313-30.609375 18.226563-41.527344 32.4375-10.757813 14.003906-17.765625 30.425782-20.480469 47.789063-6.863281 2.71875-11.734375 9.417969-11.734375 17.242187v10.375c0 1.523438.203125 3 .550781 4.417969-6.714843 2.351563-11.550781 8.734375-11.550781 16.242187v9.550782c0 7.515625 3.636719 15.425781 9.984375 21.695312 4.9375 4.878906 11.015625 8.269532 17.078125 9.664063 5.707031 20.246093 19.191407 40.65625 36.726563 56.367187l-52.335938 15.878906c-.003906.003907-.003906.003907-.007812.003907-.019532.007812-.042969.011719-.066406.019531-2.839844.863281-5.585938 1.648438-8.246094 2.40625-19.621094 5.597656-36.570313 10.429688-45.074219 36.710938-.015625.042968-.027344.089843-.042969.132812l-35.667968 117.613281c-4.453126 14.675781-7.140626 23.535157-2.402344 29.867188 3.722656 4.976562 9.511718 5.523437 17.964844 5.523437 1.140624 0 2.335937-.011718 3.574218-.023437 1.535156-.011719 3.1875-.023438 4.96875-.023438h283.988282c12.871093 22.84375 36.175781 43.226563 66.820312 57.84375.042969.019531.089844.039063.132812.0625 5.941407 2.691407 11.375 4.917969 17.703126 4.917969h.003906c5.304687 0 10.757812-1.480469 18.296875-4.980469 40.246093-19.199219 67.855469-48.339843 75.761719-79.96875 1.425781-5.769531 2.195312-11.582031 2.289062-17.277343 0-.042969 0-.082032 0-.125zm-181.074218-173.839844.257812-22.792968h7.273438c1.164062 0 2.113281.945312 2.113281 2.105468v9.550782c0 3.457031-2.058594 7.550781-5.503907 10.957031-1.3125 1.296875-2.75 2.40625-4.226562 3.316406.050781-1.046875.085938-2.097656.085938-3.136719zm-224.253907 269.582032h-59.640625c-1.824218 0-3.523437.015625-5.09375.027344-3.136718.027343-6.570312.058593-8.703125-.117188.523438-3.777344 2.820313-11.339844 4.15625-15.75l35.648438-117.542969c5.894531-18.152343 15.824219-21.339843 33.632812-26.425781zm241.695313-160.027344c15.324218 4.492188 26.746094 8.976562 32.753906 22.554688-.429688.25-.855469.503906-1.28125.753906-7.988281 4.710937-15.574219 9.175781-31.472656 10.144531zm-149.484375-250.320312c0-4.738282 3.859375-8.597657 8.605469-8.597657h39.128906c4.726562 0 8.574218 3.855469 8.574218 8.597657v27.941406c0 4.726562-3.847656 8.570312-8.574218 8.570312h-39.128906c-4.746094 0-8.605469-3.84375-8.605469-8.570312zm-15.117188 9.144531v18.800781c0 13.058594 10.644531 23.683594 23.722657 23.683594h39.128906c13.0625 0 23.6875-10.625 23.6875-23.683594v-18.652344c23.1875 12.804688 39.5 35.097656 44.636718 61.199219h-176.058593c5.164062-26.234375 21.574219-48.585937 44.882812-61.347656zm-62.578125 131.433593c-3.441406-3.402343-5.5-7.496093-5.5-10.949218v-9.550782c0-1.160156.949219-2.105468 2.117188-2.105468h6.609375l.234375 22.707031c0 .917969.035156 1.839844.074218 2.761719-1.230468-.820313-2.425781-1.769532-3.535156-2.863282zm20.246094 13.507813c0-.011719 0-.023437 0-.03125-.011719-1.042969-.234375-2.035156-.628906-2.9375-.671875-3.5625-1.042969-7.082031-1.042969-10.515625l-.234375-22.621094 69.03125.046875h.003906c4.171875 0 7.554688-3.378906 7.558594-7.550781.003906-4.175781-3.375-7.558594-7.550781-7.5625l-76.648438-.054688c-.007812 0-.019531-.003906-.027343-.003906h-1.785157c-1.851562 0-3.417969-1.574218-3.417969-3.4375v-10.375c0-1.863281 1.566407-3.4375 3.417969-3.4375h.007813.011718 193.566407.011719.007812.652344c1.867187 0 3.441406 1.574219 3.441406 3.4375v10.375c0 1.863282-1.574219 3.4375-3.441406 3.4375h-81.152344c-4.175781 0-7.558594 3.382813-7.558594 7.558594s3.382813 7.558594 7.558594 7.558594h72.855469l-.253907 22.707031c0 32.226563-31.171874 72.101563-66.703124 85.335937-15.703126 5.847657-26.820313 5.863282-42.484376.054688-30.792968-11.429688-58.300781-42.796875-65.195312-71.984375zm148.117188 78.558594c-7.785157 16.992187-33.511719 29.539062-62.640626 29.539062-29.265624 0-54.476562-12.113281-62.4375-29.0625l14.519532-4.40625c7.113281 4.726563 14.636718 8.652344 22.382812 11.527344 9.5 3.523437 17.960938 5.285156 26.421875 5.285156 8.507813 0 17.019531-1.78125 26.589844-5.347656 7.691406-2.863281 15.160156-6.769531 22.226563-11.464844zm1.566406 177.703125h-128.644532v-21.976563l128.644532.074219zm0-37.015625-128.644532-.074219v-10.246094c0-.640625.550782-1.199218 1.179688-1.199218h126.289062c.628907 0 1.175782.558593 1.175782 1.199218zm42.136718-86.472657c-7.308593 3.761719-13.441406 11.726563-13.441406 27.878907l-.054687 11.6875v59.511719.125c.09375 5.753906.878906 11.582031 2.320312 17.296874.585938 2.34375 1.296875 4.675782 2.097657 6.988282h-17.941407v-47.335938c0-8.996094-7.308593-16.316406-16.292969-16.316406h-126.289062c-8.984375 0-16.289062 7.320312-16.289062 16.316406v47.335938h-25.574219v-164.277344l25.574219-7.757812v71.191406c0 8.980468 7.304687 16.285156 16.285156 16.285156l45.226562.027344h.003906c4.171876 0 7.554688-3.378906 7.554688-7.550782.003906-4.175781-3.375-7.558593-7.550781-7.5625l-45.230469-.027343c-.613281 0-1.175781-.5625-1.175781-1.171875v-54.316406c14.585937 13.585937 37.976562 22.113281 64.433593 22.113281 26.246094 0 49.859376-8.773438 64.550782-22.46875v54.671875c0 .621094-.566406 1.171875-1.207032 1.171875h-46.757812c-4.171875 0-7.554688 3.382812-7.554688 7.554687 0 4.175782 3.382813 7.558594 7.554688 7.558594h46.757812c9 0 16.320313-7.304688 16.320313-16.285156v-71.6875l26.679687 8.109375zm163.660157 99.015626c-.078125 4.535156-.699219 9.191406-1.84375 13.816406-6.804688 27.21875-31.441407 52.722656-67.53125 69.941406-5.277344 2.449219-8.933594 3.542969-11.859375 3.542969-.003906 0-.003906 0-.003906 0-3.027344 0-6.09375-1.144531-11.394532-3.542969-36.125-17.25-60.738281-42.738281-67.542968-69.960938-1.160157-4.585937-1.785157-9.226562-1.867188-13.796874v-59.414063l.058594-11.742187c0-10.460938 2.597656-14.746094 9.558594-15.660157 22.777343-.472656 33.535156-6.8125 43.027343-12.410156 8.082031-4.761719 14.464844-8.523437 28.378907-8.523437 13.914062 0 20.304687 3.761718 28.390624 8.527343 9.503907 5.597657 20.265626 11.9375 43.042969 12.40625 6.910157.910157 9.507813 5.183594 9.558594 15.621094l.027344 11.746094zm0 0\"><\/path><path d=\"m430.011719 370.8125c-3.230469-2.648438-7.992188-2.167969-10.632813 1.0625l-32.441406 39.652344-11.75-9.28125c-3.273438-2.589844-8.027344-2.03125-10.613281 1.246094-2.589844 3.273437-2.03125 8.027343 1.246093 10.613281l17.578126 13.886719c1.386718 1.097656 3.039062 1.628906 4.679687 1.628906 2.191406 0 4.363281-.949219 5.855469-2.773438l37.144531-45.402344c2.640625-3.230468 2.164063-7.992187-1.066406-10.632812zm0 0\"><\/path><path d=\"m448.746094 333.359375c-.242188-.027344-.480469-.042969-.726563-.046875-12.648437-.230469-17.867187-3.308594-23.910156-6.867188-6.125-3.609374-13.070313-7.703124-26.246094-7.703124-13.167969 0-20.105469 4.09375-26.226562 7.699218-6.042969 3.5625-11.257813 6.640625-23.925781 6.871094-.242188.003906-.488282.019531-.730469.046875-6.796875.785156-18.199219 4.902344-18.199219 23.664063l-.027344 8.132812v41.347656.113282c.0625 4.203124.628906 8.441406 1.667969 12.570312 5.652344 22.628906 25.296875 43.433594 53.898437 57.078125.046876.023437.089844.042969.136719.066406 4.382813 1.984375 8.40625 3.628907 13.273438 3.628907 4.050781 0 8.132812-1.097657 13.714843-3.695313 28.601563-13.648437 48.246094-34.453125 53.902344-57.113281 1.039063-4.242188 1.597656-8.457032 1.664063-12.527344 0-.039062 0-.082031 0-.121094v-41.375l-.03125-8.109375c0-18.757812-11.421875-22.875-18.234375-23.660156zm3.148437 73.082031c-.050781 2.925782-.464843 5.992188-1.222656 9.085938-4.554687 18.234375-21.226563 35.398437-45.675781 47.070312-3.296875 1.535156-5.605469 2.25-7.269532 2.25-1.6875 0-3.597656-.726562-6.964843-2.25-24.480469-11.699218-41.125-28.855468-45.679688-47.085937-.757812-3-1.167969-6.050781-1.21875-9.070313v-41.257812l.03125-8.164063c0-7.21875 1.84375-8.246093 4.496094-8.605469 16.367187-.371093 24.429687-5.125 30.921875-8.949218 5.519531-3.253906 9.503906-5.605469 18.550781-5.605469 9.050781 0 13.042969 2.351563 18.570313 5.609375 6.492187 3.824219 14.558594 8.574219 30.90625 8.945312 2.667968.359376 4.523437 1.390626 4.523437 8.664063l.03125 8.078125zm0 0\"><\/path><\/svg>\t\t\t<\/div>\n\t\t<\/div>\n\t\t\t\t\t\t<\/div>\n\t\t\t\t<\/div>\n\t\t\t\t<div class=\"elementor-element elementor-element-88f4c2e elementor-widget elementor-widget-testimonial\" data-id=\"88f4c2e\" data-element_type=\"widget\" data-e-type=\"widget\" data-widget_type=\"testimonial.default\">\n\t\t\t\t<div class=\"elementor-widget-container\">\n\t\t\t\t\t\t\t<div class=\"elementor-testimonial-wrapper\">\n\t\t\t\t\t\t\t<div class=\"elementor-testimonial-content\">Buscamos a profesionales<\/div>\n\t\t\t\n\t\t\t\t\t\t<div class=\"elementor-testimonial-meta\">\n\t\t\t\t<div class=\"elementor-testimonial-meta-inner\">\n\t\t\t\t\t\n\t\t\t\t\t\t\t\t\t\t<div class=\"elementor-testimonial-details\">\n\t\t\t\t\t\t\t\t\t\t\t\t\t\t<div class=\"elementor-testimonial-name\">Alba\u00f1iler\u00eda \/ pintura e impermeabilizaciones \/ trabajos verticales<\/div>\n\t\t\t\t\t\t\t\t\t\t\t\t\t\t\t\t\t\t\t<\/div>\n\t\t\t\t\t\t\t\t\t<\/div>\n\t\t\t<\/div>\n\t\t\t\t\t<\/div>\n\t\t\t\t\t\t<\/div>\n\t\t\t\t<\/div>\n\t\t\t\t\t<\/div>\n\t\t\t\t<\/div>\n\t\t\t\t\t<\/div>\n\t\t\t\t<\/div>\n\t\t<div class=\"elementor-element elementor-element-a60c247 e-flex e-con-boxed e-con e-parent\" data-id=\"a60c247\" data-element_type=\"container\" data-e-type=\"container\">\n\t\t\t\t\t<div class=\"e-con-inner\">\n\t\t<div class=\"elementor-element elementor-element-a2b3e9e e-con-full e-flex premium-con-lq__glass1 premium-lq__none e-con e-child\" data-id=\"a2b3e9e\" data-element_type=\"container\" data-e-type=\"container\">\n\t\t\t\t<div class=\"elementor-element elementor-element-4c2c1d6 elementor-widget elementor-widget-heading\" data-id=\"4c2c1d6\" data-element_type=\"widget\" data-e-type=\"widget\" data-widget_type=\"heading.default\">\n\t\t\t\t<div class=\"elementor-widget-container\">\n\t\t\t\t\t<h2 class=\"elementor-heading-title elementor-size-default\">Requisitos<\/h2>\t\t\t\t<\/div>\n\t\t\t\t<\/div>\n\t\t\t\t<div class=\"elementor-element elementor-element-cc4b9c9 elementor-align-start elementor-list-item-link-full_width elementor-widget elementor-widget-icon-list\" data-id=\"cc4b9c9\" data-element_type=\"widget\" data-e-type=\"widget\" data-widget_type=\"icon-list.default\">\n\t\t\t\t<div class=\"elementor-widget-container\">\n\t\t\t\t\t\t\t<ul class=\"elementor-icon-list-items\">\n\t\t\t\t\t\t\t<li class=\"elementor-icon-list-item\">\n\t\t\t\t\t\t\t\t\t\t\t<span class=\"elementor-icon-list-icon\">\n\t\t\t\t\t\t\t<i aria-hidden=\"true\" class=\"fas fa-check-circle\"><\/i>\t\t\t\t\t\t<\/span>\n\t\t\t\t\t\t\t\t\t\t<span class=\"elementor-icon-list-text\">Oficial de 1\u00aa en alba\u00f1iler\u00eda, pintura e impermeabilizaciones.<\/span>\n\t\t\t\t\t\t\t\t\t<\/li>\n\t\t\t\t\t\t\t\t<li class=\"elementor-icon-list-item\">\n\t\t\t\t\t\t\t\t\t\t\t<span class=\"elementor-icon-list-icon\">\n\t\t\t\t\t\t\t<i aria-hidden=\"true\" class=\"fas fa-check-circle\"><\/i>\t\t\t\t\t\t<\/span>\n\t\t\t\t\t\t\t\t\t\t<span class=\"elementor-icon-list-text\">Trabajos verticales demostrables con experiencia laboral y curso b\u00e1sico en t\u00e9cnicas alpinas 8 horas.<\/span>\n\t\t\t\t\t\t\t\t\t<\/li>\n\t\t\t\t\t\t\t\t<li class=\"elementor-icon-list-item\">\n\t\t\t\t\t\t\t\t\t\t\t<span class=\"elementor-icon-list-icon\">\n\t\t\t\t\t\t\t<i aria-hidden=\"true\" class=\"fas fa-check-circle\"><\/i>\t\t\t\t\t\t<\/span>\n\t\t\t\t\t\t\t\t\t\t<span class=\"elementor-icon-list-text\">Operario comprometido y responsable.<\/span>\n\t\t\t\t\t\t\t\t\t<\/li>\n\t\t\t\t\t\t<\/ul>\n\t\t\t\t\t\t<\/div>\n\t\t\t\t<\/div>\n\t\t\t\t<\/div>\n\t\t\t\t\t<\/div>\n\t\t\t\t<\/div>\n\t\t<div class=\"elementor-element elementor-element-5a00bbf e-flex e-con-boxed e-con e-parent\" data-id=\"5a00bbf\" data-element_type=\"container\" data-e-type=\"container\">\n\t\t\t\t\t<div class=\"e-con-inner\">\n\t\t\t\t<div class=\"elementor-element elementor-element-0155a64 e-transform elementor-view-default elementor-invisible elementor-widget elementor-widget-icon\" data-id=\"0155a64\" data-element_type=\"widget\" data-e-type=\"widget\" data-settings=\"{&quot;_animation&quot;:&quot;slideInDown&quot;,&quot;_transform_rotateZ_effect&quot;:{&quot;unit&quot;:&quot;px&quot;,&quot;size&quot;:136,&quot;sizes&quot;:[]},&quot;_transform_rotateZ_effect_tablet&quot;:{&quot;unit&quot;:&quot;deg&quot;,&quot;size&quot;:&quot;&quot;,&quot;sizes&quot;:[]},&quot;_transform_rotateZ_effect_mobile&quot;:{&quot;unit&quot;:&quot;deg&quot;,&quot;size&quot;:&quot;&quot;,&quot;sizes&quot;:[]}}\" data-widget_type=\"icon.default\">\n\t\t\t\t<div class=\"elementor-widget-container\">\n\t\t\t\t\t\t\t<div class=\"elementor-icon-wrapper\">\n\t\t\t<div class=\"elementor-icon\">\n\t\t\t<i aria-hidden=\"true\" class=\"fas fa-location-arrow\"><\/i>\t\t\t<\/div>\n\t\t<\/div>\n\t\t\t\t\t\t<\/div>\n\t\t\t\t<\/div>\n\t\t\t\t<div class=\"elementor-element elementor-element-20ac45e elementor-headline--style-highlight elementor-widget elementor-widget-animated-headline\" data-id=\"20ac45e\" data-element_type=\"widget\" data-e-type=\"widget\" data-settings=\"{&quot;highlighted_text&quot;:&quot;info@krosvertical.com&quot;,&quot;highlight_animation_duration&quot;:2000,&quot;headline_style&quot;:&quot;highlight&quot;,&quot;marker&quot;:&quot;circle&quot;,&quot;loop&quot;:&quot;yes&quot;,&quot;highlight_iteration_delay&quot;:8000}\" data-widget_type=\"animated-headline.default\">\n\t\t\t\t<div class=\"elementor-widget-container\">\n\t\t\t\t\t\t\t<h3 class=\"elementor-headline\">\n\t\t\t\t\t<span class=\"elementor-headline-plain-text elementor-headline-text-wrapper\">Env\u00edanos tu curr\u00edculum a<\/span>\n\t\t\t\t<span class=\"elementor-headline-dynamic-wrapper elementor-headline-text-wrapper\">\n\t\t\t\t\t<span class=\"elementor-headline-dynamic-text elementor-headline-text-active\">info@krosvertical.com<\/span>\n\t\t\t\t<\/span>\n\t\t\t\t<\/h3>\n\t\t\t\t\t\t<\/div>\n\t\t\t\t<\/div>\n\t\t\t\t\t<\/div>\n\t\t\t\t<\/div>\n\t\t\t\t<\/div>","protected":false},"excerpt":{"rendered":"<p>Buscamos a profesionales Alba\u00f1iler\u00eda \/ pintura e impermeabilizaciones \/ trabajos verticales Requisitos Oficial de 1\u00aa en alba\u00f1iler\u00eda, pintura e impermeabilizaciones. Trabajos verticales demostrables con experiencia laboral y curso b\u00e1sico en t\u00e9cnicas alpinas 8 horas. Operario comprometido y responsable. Env\u00edanos tu curr\u00edculum a info@krosvertical.com<\/p>","protected":false},"author":2,"featured_media":0,"parent":0,"menu_order":0,"comment_status":"closed","ping_status":"closed","template":"elementor_header_footer","meta":{"footnotes":""},"class_list":["post-5536","page","type-page","status-publish","hentry"],"yoast_head":"<!-- This site is optimized with the Yoast SEO plugin v27.4 - https:\/\/yoast.com\/product\/yoast-seo-wordpress\/ -->\n<title>Trabajos Verticales Sevilla | KROS VERTICAL<\/title>\n<meta name=\"description\" content=\"En Kros Vertical Somos especialistas en trabajos verticales y de dif\u00edcil acceso con una dilatada experiencia en el sector de la construcci\u00f3n, limpieza, alba\u00f1iler\u00eda y pintura.\" \/>\n<meta name=\"robots\" content=\"index, follow, max-snippet:-1, max-image-preview:large, max-video-preview:-1\" \/>\n<link rel=\"canonical\" href=\"https:\/\/krosvertical.com\/en_en\/trabaja-con-nosotros\/\" \/>\n<meta property=\"og:locale\" content=\"en_GB\" \/>\n<meta property=\"og:type\" content=\"article\" \/>\n<meta property=\"og:title\" content=\"Trabajos Verticales Sevilla | KROS VERTICAL\" \/>\n<meta property=\"og:description\" content=\"En Kros Vertical Somos especialistas en trabajos verticales y de dif\u00edcil acceso con una dilatada experiencia en el sector de la construcci\u00f3n, limpieza, alba\u00f1iler\u00eda y pintura.\" \/>\n<meta property=\"og:url\" content=\"https:\/\/krosvertical.com\/en_en\/trabaja-con-nosotros\/\" \/>\n<meta property=\"og:site_name\" content=\"KrosVertical\" \/>\n<meta property=\"article:publisher\" content=\"https:\/\/www.facebook.com\/groups\/987621488990247\/user\/100063481604682?locale=es_ES\" \/>\n<meta property=\"article:modified_time\" content=\"2025-09-05T08:15:28+00:00\" \/>\n<meta name=\"twitter:card\" content=\"summary_large_image\" \/>\n<script type=\"application\/ld+json\" class=\"yoast-schema-graph\">{\"@context\":\"https:\\\/\\\/schema.org\",\"@graph\":[{\"@type\":\"WebPage\",\"@id\":\"https:\\\/\\\/krosvertical.com\\\/trabaja-con-nosotros\\\/\",\"url\":\"https:\\\/\\\/krosvertical.com\\\/trabaja-con-nosotros\\\/\",\"name\":\"Trabajos Verticales Sevilla | KROS VERTICAL\",\"isPartOf\":{\"@id\":\"https:\\\/\\\/krosvertical.com\\\/#website\"},\"datePublished\":\"2022-06-17T11:10:18+00:00\",\"dateModified\":\"2025-09-05T08:15:28+00:00\",\"description\":\"En Kros Vertical Somos especialistas en trabajos verticales y de dif\u00edcil acceso con una dilatada experiencia en el sector de la construcci\u00f3n, limpieza, alba\u00f1iler\u00eda y pintura.\",\"breadcrumb\":{\"@id\":\"https:\\\/\\\/krosvertical.com\\\/trabaja-con-nosotros\\\/#breadcrumb\"},\"inLanguage\":\"en-GB\",\"potentialAction\":[{\"@type\":\"ReadAction\",\"target\":[\"https:\\\/\\\/krosvertical.com\\\/trabaja-con-nosotros\\\/\"]}]},{\"@type\":\"BreadcrumbList\",\"@id\":\"https:\\\/\\\/krosvertical.com\\\/trabaja-con-nosotros\\\/#breadcrumb\",\"itemListElement\":[{\"@type\":\"ListItem\",\"position\":1,\"name\":\"Portada\",\"item\":\"https:\\\/\\\/krosvertical.com\\\/\"},{\"@type\":\"ListItem\",\"position\":2,\"name\":\"Trabaja con nosotros\"}]},{\"@type\":\"WebSite\",\"@id\":\"https:\\\/\\\/krosvertical.com\\\/#website\",\"url\":\"https:\\\/\\\/krosvertical.com\\\/\",\"name\":\"KrosVertical\",\"description\":\"Trabajos Verticales Sevilla\",\"publisher\":{\"@id\":\"https:\\\/\\\/krosvertical.com\\\/#organization\"},\"potentialAction\":[{\"@type\":\"SearchAction\",\"target\":{\"@type\":\"EntryPoint\",\"urlTemplate\":\"https:\\\/\\\/krosvertical.com\\\/?s={search_term_string}\"},\"query-input\":{\"@type\":\"PropertyValueSpecification\",\"valueRequired\":true,\"valueName\":\"search_term_string\"}}],\"inLanguage\":\"en-GB\"},{\"@type\":\"Organization\",\"@id\":\"https:\\\/\\\/krosvertical.com\\\/#organization\",\"name\":\"KrosVertical\",\"url\":\"https:\\\/\\\/krosvertical.com\\\/\",\"logo\":{\"@type\":\"ImageObject\",\"inLanguage\":\"en-GB\",\"@id\":\"https:\\\/\\\/krosvertical.com\\\/#\\\/schema\\\/logo\\\/image\\\/\",\"url\":\"https:\\\/\\\/krosvertical.com\\\/wp-content\\\/uploads\\\/2020\\\/02\\\/krosvertical-logo-2020.png\",\"contentUrl\":\"https:\\\/\\\/krosvertical.com\\\/wp-content\\\/uploads\\\/2020\\\/02\\\/krosvertical-logo-2020.png\",\"width\":1000,\"height\":243,\"caption\":\"KrosVertical\"},\"image\":{\"@id\":\"https:\\\/\\\/krosvertical.com\\\/#\\\/schema\\\/logo\\\/image\\\/\"},\"sameAs\":[\"https:\\\/\\\/www.facebook.com\\\/groups\\\/987621488990247\\\/user\\\/100063481604682?locale=es_ES\",\"https:\\\/\\\/www.instagram.com\\\/krosvertical\\\/\"]}]}<\/script>\n<!-- \/ Yoast SEO plugin. -->","yoast_head_json":{"title":"Trabajos Verticales Sevilla | KROS VERTICAL","description":"En Kros Vertical Somos especialistas en trabajos verticales y de dif\u00edcil acceso con una dilatada experiencia en el sector de la construcci\u00f3n, limpieza, alba\u00f1iler\u00eda y pintura.","robots":{"index":"index","follow":"follow","max-snippet":"max-snippet:-1","max-image-preview":"max-image-preview:large","max-video-preview":"max-video-preview:-1"},"canonical":"https:\/\/krosvertical.com\/en_en\/trabaja-con-nosotros\/","og_locale":"en_GB","og_type":"article","og_title":"Trabajos Verticales Sevilla | KROS VERTICAL","og_description":"En Kros Vertical Somos especialistas en trabajos verticales y de dif\u00edcil acceso con una dilatada experiencia en el sector de la construcci\u00f3n, limpieza, alba\u00f1iler\u00eda y pintura.","og_url":"https:\/\/krosvertical.com\/en_en\/trabaja-con-nosotros\/","og_site_name":"KrosVertical","article_publisher":"https:\/\/www.facebook.com\/groups\/987621488990247\/user\/100063481604682?locale=es_ES","article_modified_time":"2025-09-05T08:15:28+00:00","twitter_card":"summary_large_image","schema":{"@context":"https:\/\/schema.org","@graph":[{"@type":"WebPage","@id":"https:\/\/krosvertical.com\/trabaja-con-nosotros\/","url":"https:\/\/krosvertical.com\/trabaja-con-nosotros\/","name":"Trabajos Verticales Sevilla | KROS VERTICAL","isPartOf":{"@id":"https:\/\/krosvertical.com\/#website"},"datePublished":"2022-06-17T11:10:18+00:00","dateModified":"2025-09-05T08:15:28+00:00","description":"En Kros Vertical Somos especialistas en trabajos verticales y de dif\u00edcil acceso con una dilatada experiencia en el sector de la construcci\u00f3n, limpieza, alba\u00f1iler\u00eda y pintura.","breadcrumb":{"@id":"https:\/\/krosvertical.com\/trabaja-con-nosotros\/#breadcrumb"},"inLanguage":"en-GB","potentialAction":[{"@type":"ReadAction","target":["https:\/\/krosvertical.com\/trabaja-con-nosotros\/"]}]},{"@type":"BreadcrumbList","@id":"https:\/\/krosvertical.com\/trabaja-con-nosotros\/#breadcrumb","itemListElement":[{"@type":"ListItem","position":1,"name":"Portada","item":"https:\/\/krosvertical.com\/"},{"@type":"ListItem","position":2,"name":"Trabaja con nosotros"}]},{"@type":"WebSite","@id":"https:\/\/krosvertical.com\/#website","url":"https:\/\/krosvertical.com\/","name":"KrosVertical","description":"Trabajos Verticales Sevilla","publisher":{"@id":"https:\/\/krosvertical.com\/#organization"},"potentialAction":[{"@type":"SearchAction","target":{"@type":"EntryPoint","urlTemplate":"https:\/\/krosvertical.com\/?s={search_term_string}"},"query-input":{"@type":"PropertyValueSpecification","valueRequired":true,"valueName":"search_term_string"}}],"inLanguage":"en-GB"},{"@type":"Organization","@id":"https:\/\/krosvertical.com\/#organization","name":"KrosVertical","url":"https:\/\/krosvertical.com\/","logo":{"@type":"ImageObject","inLanguage":"en-GB","@id":"https:\/\/krosvertical.com\/#\/schema\/logo\/image\/","url":"https:\/\/krosvertical.com\/wp-content\/uploads\/2020\/02\/krosvertical-logo-2020.png","contentUrl":"https:\/\/krosvertical.com\/wp-content\/uploads\/2020\/02\/krosvertical-logo-2020.png","width":1000,"height":243,"caption":"KrosVertical"},"image":{"@id":"https:\/\/krosvertical.com\/#\/schema\/logo\/image\/"},"sameAs":["https:\/\/www.facebook.com\/groups\/987621488990247\/user\/100063481604682?locale=es_ES","https:\/\/www.instagram.com\/krosvertical\/"]}]}},"_links":{"self":[{"href":"https:\/\/krosvertical.com\/en_en\/wp-json\/wp\/v2\/pages\/5536","targetHints":{"allow":["GET"]}}],"collection":[{"href":"https:\/\/krosvertical.com\/en_en\/wp-json\/wp\/v2\/pages"}],"about":[{"href":"https:\/\/krosvertical.com\/en_en\/wp-json\/wp\/v2\/types\/page"}],"author":[{"embeddable":true,"href":"https:\/\/krosvertical.com\/en_en\/wp-json\/wp\/v2\/users\/2"}],"replies":[{"embeddable":true,"href":"https:\/\/krosvertical.com\/en_en\/wp-json\/wp\/v2\/comments?post=5536"}],"version-history":[{"count":0,"href":"https:\/\/krosvertical.com\/en_en\/wp-json\/wp\/v2\/pages\/5536\/revisions"}],"wp:attachment":[{"href":"https:\/\/krosvertical.com\/en_en\/wp-json\/wp\/v2\/media?parent=5536"}],"curies":[{"name":"wp","href":"https:\/\/api.w.org\/{rel}","templated":true}]}}