{"id":5212,"date":"2020-02-14T02:29:33","date_gmt":"2020-02-14T08:29:33","guid":{"rendered":"https:\/\/krosvertical.com\/?page_id=5212"},"modified":"2020-02-14T02:33:08","modified_gmt":"2020-02-14T08:33:08","slug":"politica-de-calidad-y-medio-ambiente","status":"publish","type":"page","link":"https:\/\/krosvertical.com\/en_en\/politica-de-calidad-y-medio-ambiente\/","title":{"rendered":"Quality and environmental policy"},"content":{"rendered":"<div data-elementor-type=\"wp-page\" data-elementor-id=\"5212\" class=\"elementor elementor-5212\" data-elementor-post-type=\"page\">\n\t\t\t\t\t\t<section class=\"elementor-section elementor-top-section elementor-element elementor-element-7390d1b elementor-section-boxed elementor-section-height-default elementor-section-height-default\" data-id=\"7390d1b\" data-element_type=\"section\" data-e-type=\"section\">\n\t\t\t\t\t\t<div class=\"elementor-container elementor-column-gap-default\">\n\t\t\t\t\t<div class=\"elementor-column elementor-col-100 elementor-top-column elementor-element elementor-element-29558e9\" data-id=\"29558e9\" data-element_type=\"column\" data-e-type=\"column\">\n\t\t\t<div class=\"elementor-widget-wrap elementor-element-populated\">\n\t\t\t\t\t\t<div class=\"elementor-element elementor-element-cd232d1 elementor-widget elementor-widget-text-editor\" data-id=\"cd232d1\" data-element_type=\"widget\" data-e-type=\"widget\" data-widget_type=\"text-editor.default\">\n\t\t\t\t<div class=\"elementor-widget-container\">\n\t\t\t\t\t\t\t\t\t<p>La Pol\u00edtica de Calidad y Medio Ambiente y Prevenci\u00f3n de Riesgos Laborales de KROS VERTICAL tiene en cuenta el car\u00e1cter complejo y evolutivo de las condiciones de trabajo, del medio ambiente y ante unos clientes cada vez m\u00e1s exigentes, el enfoque orientado hacia el cliente, cobra cada vez m\u00e1s una mayor importancia para el KROS VERTICAL.<\/p><p>La excelencia del servicio de Construcciones KROS VERTICAL alcanza la totalidad de la organizaci\u00f3n, incluidos sus trabajadores y las actividades de: trabajos verticales, y se basa en conseguir la satisfacci\u00f3n de los clientes respecto a los trabajos realizados.<\/p><p>El deseo de la Direcci\u00f3n de KROS VERTICAL es llegar a ser reconocido por todos sus empleados, sus clientes y la sociedad en general, como compa\u00f1\u00eda responsable y respetuosa con sus trabajadores con el Medio Ambiente en todas sus decisiones y actividades.<\/p><p>Para ello KROS VERTICAL ha establecido en su organizaci\u00f3n un sistema de calidad basado en la norma UNE-EN-ISO 9001:2008 el cual gira sobre tres pilares b\u00e1sicos (clientes, organizaci\u00f3n y proveedores). Adem\u00e1s consciente de la importancia del medio ambiente y si importante degradaci\u00f3n debida a la acci\u00f3n humana, KROS VERTICAL<\/p><p>mantiene implantado un Sistema de Gesti\u00f3n Ambiental basado en la norma UNE-EN-ISO 14001:2004 con el cual pretende reducir al m\u00e1ximo su impacto sobre el medio y concienciar y difundir las buenas pr\u00e1cticas ambientales en todo nuestro personal, clientes y proveedores, para de esta forma contribuir a un desarrollo sostenible real, que repercuta en la sociedad.<\/p><p>De este modo, la filosof\u00eda y los objetivos b\u00e1sicos que marcar\u00e1n el rumbo de nuestra organizaci\u00f3n ser\u00e1n:<\/p><p>&#8211; Asegurar a nuestros clientes la prestaci\u00f3n de servicios solventes y fiables, implic\u00e1ndose al m\u00e1ximo en el proceso de<\/p><p>mejora continua.<\/p><p>&#8211; El concepto de servicio al cliente y de su plena satisfacci\u00f3n que inspire este proceso de mejora tendr\u00e1 reflejo tambi\u00e9n en nuestra empresa, de forma que la actuaci\u00f3n interna de cada persona deber\u00e1 perseguir en todos los casos la satisfacci\u00f3n de las personas o funciones que le siguen en la cadena, usando los resultados de su trabajo.<\/p><p>&#8211; Cumplimiento de requisitos legales y requisitos impl\u00edcitos que nos sean aplicables en raz\u00f3n de nuestra actividad, tanto en el \u00e1mbito del desempe\u00f1o de nuestros servicios como en el \u00e1mbito medioambiental de nuestras actividades.<\/p><p>&#8211; Establecer acciones y programas orientados a la prevenci\u00f3n y no s\u00f3lo a la detecci\u00f3n.<\/p><p>&#8211; Establecer como uno de nuestros objetivos principales la prevenci\u00f3n de la contaminaci\u00f3n y el compromiso social. Utilizar de modo racional los recursos materiales y la reducci\u00f3n de la producci\u00f3n de papel.<\/p><p>&#8211; Continua formaci\u00f3n y concienciaci\u00f3n de todo nuestro personal, para asegurar la completa adaptaci\u00f3n a las necesidades del mercado e implic\u00e1ndolos en la gesti\u00f3n y desarrollo del sistema de calidad y medioambiente implantado e informar y sensibilizar, cuando sea posible, a los proveedores mediante la inclusi\u00f3n de nuestra pol\u00edtica en la p\u00e1gina web de KROS VERTICAL.<\/p><p>&#8211; Compromiso de proteger el medio ambiente y nuestro entorno, mediante actuaciones y medidas orientadas a la<\/p><p>prevenci\u00f3n de cualquier tipo de comunicaci\u00f3n que pudiera originarse en operaciones debida a nuestra actividad.<\/p><p>&#8211; Hacer de la calidad y el respeto al medioambiente un elemento b\u00e1sico de la cultura de la empresa.<\/p><p>La direcci\u00f3n emplear\u00e1 esta pol\u00edtica como marco de referencia para establecer los planes, metas y objetivos que nos ayudar\u00e1n en nuestra b\u00fasqueda de la mejora continua.<\/p><p>KROS VERTICAL se compromete a promover una comprensi\u00f3n y difusi\u00f3n de nuestra pol\u00edtica dentro de nuestra organizaci\u00f3n, mediante la formaci\u00f3n y comunicaci\u00f3n continuada con nuestros trabajadores y colaboradores.<\/p><p>La pol\u00edtica de KROS VERTICAL est\u00e1 en continua evoluci\u00f3n con la empresa, por lo que es revisada para su continua adecuaci\u00f3n, permanece expuesta en lugar visible para todo el personal y es comunicada, para que sea entendida en todos los niveles de la organizaci\u00f3n.<\/p><p>En, Sevilla a 2 de Mayo de 2014<br \/>Director Gerente<\/p>\t\t\t\t\t\t\t\t<\/div>\n\t\t\t\t<\/div>\n\t\t\t\t\t<\/div>\n\t\t<\/div>\n\t\t\t\t\t<\/div>\n\t\t<\/section>\n\t\t\t\t<\/div>","protected":false},"excerpt":{"rendered":"<p>La Pol\u00edtica de Calidad y Medio Ambiente y Prevenci\u00f3n de Riesgos Laborales de KROS VERTICAL tiene en cuenta el car\u00e1cter complejo y evolutivo de las condiciones de trabajo, del medio ambiente y ante unos clientes cada vez m\u00e1s exigentes, el enfoque orientado hacia el cliente, cobra cada vez m\u00e1s una mayor importancia para el KROS [&hellip;]<\/p>\n","protected":false},"author":2,"featured_media":0,"parent":0,"menu_order":0,"comment_status":"closed","ping_status":"closed","template":"elementor_header_footer","meta":{"footnotes":""},"class_list":["post-5212","page","type-page","status-publish","hentry"],"yoast_head":"<!-- This site is optimized with the Yoast SEO plugin v27.4 - https:\/\/yoast.com\/product\/yoast-seo-wordpress\/ -->\n<title>Trabajos Verticales Sevilla | KROS VERTICAL<\/title>\n<meta name=\"description\" content=\"En Kros Vertical Somos especialistas en trabajos verticales y de dif\u00edcil acceso con una dilatada experiencia en el sector de la construcci\u00f3n, limpieza, alba\u00f1iler\u00eda y pintura.\" \/>\n<meta name=\"robots\" content=\"index, follow, max-snippet:-1, max-image-preview:large, max-video-preview:-1\" \/>\n<link rel=\"canonical\" href=\"https:\/\/krosvertical.com\/en_en\/politica-de-calidad-y-medio-ambiente\/\" \/>\n<meta property=\"og:locale\" content=\"en_GB\" \/>\n<meta property=\"og:type\" content=\"article\" \/>\n<meta property=\"og:title\" content=\"Trabajos Verticales Sevilla | KROS VERTICAL\" \/>\n<meta property=\"og:description\" content=\"En Kros Vertical Somos especialistas en trabajos verticales y de dif\u00edcil acceso con una dilatada experiencia en el sector de la construcci\u00f3n, limpieza, alba\u00f1iler\u00eda y pintura.\" \/>\n<meta property=\"og:url\" content=\"https:\/\/krosvertical.com\/en_en\/politica-de-calidad-y-medio-ambiente\/\" \/>\n<meta property=\"og:site_name\" content=\"KrosVertical\" \/>\n<meta property=\"article:publisher\" content=\"https:\/\/www.facebook.com\/groups\/987621488990247\/user\/100063481604682?locale=es_ES\" \/>\n<meta property=\"article:modified_time\" content=\"2020-02-14T08:33:08+00:00\" \/>\n<meta name=\"twitter:card\" content=\"summary_large_image\" \/>\n<meta name=\"twitter:label1\" content=\"Estimated reading time\" \/>\n\t<meta name=\"twitter:data1\" content=\"3 minutes\" \/>\n<script type=\"application\/ld+json\" class=\"yoast-schema-graph\">{\"@context\":\"https:\\\/\\\/schema.org\",\"@graph\":[{\"@type\":\"WebPage\",\"@id\":\"https:\\\/\\\/krosvertical.com\\\/politica-de-calidad-y-medio-ambiente\\\/\",\"url\":\"https:\\\/\\\/krosvertical.com\\\/politica-de-calidad-y-medio-ambiente\\\/\",\"name\":\"Trabajos Verticales Sevilla | KROS VERTICAL\",\"isPartOf\":{\"@id\":\"https:\\\/\\\/krosvertical.com\\\/#website\"},\"datePublished\":\"2020-02-14T08:29:33+00:00\",\"dateModified\":\"2020-02-14T08:33:08+00:00\",\"description\":\"En Kros Vertical Somos especialistas en trabajos verticales y de dif\u00edcil acceso con una dilatada experiencia en el sector de la construcci\u00f3n, limpieza, alba\u00f1iler\u00eda y pintura.\",\"breadcrumb\":{\"@id\":\"https:\\\/\\\/krosvertical.com\\\/politica-de-calidad-y-medio-ambiente\\\/#breadcrumb\"},\"inLanguage\":\"en-GB\",\"potentialAction\":[{\"@type\":\"ReadAction\",\"target\":[\"https:\\\/\\\/krosvertical.com\\\/politica-de-calidad-y-medio-ambiente\\\/\"]}]},{\"@type\":\"BreadcrumbList\",\"@id\":\"https:\\\/\\\/krosvertical.com\\\/politica-de-calidad-y-medio-ambiente\\\/#breadcrumb\",\"itemListElement\":[{\"@type\":\"ListItem\",\"position\":1,\"name\":\"Portada\",\"item\":\"https:\\\/\\\/krosvertical.com\\\/\"},{\"@type\":\"ListItem\",\"position\":2,\"name\":\"Pol\u00edtica de calidad y medio ambiente\"}]},{\"@type\":\"WebSite\",\"@id\":\"https:\\\/\\\/krosvertical.com\\\/#website\",\"url\":\"https:\\\/\\\/krosvertical.com\\\/\",\"name\":\"KrosVertical\",\"description\":\"Trabajos Verticales Sevilla\",\"publisher\":{\"@id\":\"https:\\\/\\\/krosvertical.com\\\/#organization\"},\"potentialAction\":[{\"@type\":\"SearchAction\",\"target\":{\"@type\":\"EntryPoint\",\"urlTemplate\":\"https:\\\/\\\/krosvertical.com\\\/?s={search_term_string}\"},\"query-input\":{\"@type\":\"PropertyValueSpecification\",\"valueRequired\":true,\"valueName\":\"search_term_string\"}}],\"inLanguage\":\"en-GB\"},{\"@type\":\"Organization\",\"@id\":\"https:\\\/\\\/krosvertical.com\\\/#organization\",\"name\":\"KrosVertical\",\"url\":\"https:\\\/\\\/krosvertical.com\\\/\",\"logo\":{\"@type\":\"ImageObject\",\"inLanguage\":\"en-GB\",\"@id\":\"https:\\\/\\\/krosvertical.com\\\/#\\\/schema\\\/logo\\\/image\\\/\",\"url\":\"https:\\\/\\\/krosvertical.com\\\/wp-content\\\/uploads\\\/2020\\\/02\\\/krosvertical-logo-2020.png\",\"contentUrl\":\"https:\\\/\\\/krosvertical.com\\\/wp-content\\\/uploads\\\/2020\\\/02\\\/krosvertical-logo-2020.png\",\"width\":1000,\"height\":243,\"caption\":\"KrosVertical\"},\"image\":{\"@id\":\"https:\\\/\\\/krosvertical.com\\\/#\\\/schema\\\/logo\\\/image\\\/\"},\"sameAs\":[\"https:\\\/\\\/www.facebook.com\\\/groups\\\/987621488990247\\\/user\\\/100063481604682?locale=es_ES\",\"https:\\\/\\\/www.instagram.com\\\/krosvertical\\\/\"]}]}<\/script>\n<!-- \/ Yoast SEO plugin. -->","yoast_head_json":{"title":"Trabajos Verticales Sevilla | KROS VERTICAL","description":"En Kros Vertical Somos especialistas en trabajos verticales y de dif\u00edcil acceso con una dilatada experiencia en el sector de la construcci\u00f3n, limpieza, alba\u00f1iler\u00eda y pintura.","robots":{"index":"index","follow":"follow","max-snippet":"max-snippet:-1","max-image-preview":"max-image-preview:large","max-video-preview":"max-video-preview:-1"},"canonical":"https:\/\/krosvertical.com\/en_en\/politica-de-calidad-y-medio-ambiente\/","og_locale":"en_GB","og_type":"article","og_title":"Trabajos Verticales Sevilla | KROS VERTICAL","og_description":"En Kros Vertical Somos especialistas en trabajos verticales y de dif\u00edcil acceso con una dilatada experiencia en el sector de la construcci\u00f3n, limpieza, alba\u00f1iler\u00eda y pintura.","og_url":"https:\/\/krosvertical.com\/en_en\/politica-de-calidad-y-medio-ambiente\/","og_site_name":"KrosVertical","article_publisher":"https:\/\/www.facebook.com\/groups\/987621488990247\/user\/100063481604682?locale=es_ES","article_modified_time":"2020-02-14T08:33:08+00:00","twitter_card":"summary_large_image","twitter_misc":{"Estimated reading time":"3 minutes"},"schema":{"@context":"https:\/\/schema.org","@graph":[{"@type":"WebPage","@id":"https:\/\/krosvertical.com\/politica-de-calidad-y-medio-ambiente\/","url":"https:\/\/krosvertical.com\/politica-de-calidad-y-medio-ambiente\/","name":"Trabajos Verticales Sevilla | KROS VERTICAL","isPartOf":{"@id":"https:\/\/krosvertical.com\/#website"},"datePublished":"2020-02-14T08:29:33+00:00","dateModified":"2020-02-14T08:33:08+00:00","description":"En Kros Vertical Somos especialistas en trabajos verticales y de dif\u00edcil acceso con una dilatada experiencia en el sector de la construcci\u00f3n, limpieza, alba\u00f1iler\u00eda y pintura.","breadcrumb":{"@id":"https:\/\/krosvertical.com\/politica-de-calidad-y-medio-ambiente\/#breadcrumb"},"inLanguage":"en-GB","potentialAction":[{"@type":"ReadAction","target":["https:\/\/krosvertical.com\/politica-de-calidad-y-medio-ambiente\/"]}]},{"@type":"BreadcrumbList","@id":"https:\/\/krosvertical.com\/politica-de-calidad-y-medio-ambiente\/#breadcrumb","itemListElement":[{"@type":"ListItem","position":1,"name":"Portada","item":"https:\/\/krosvertical.com\/"},{"@type":"ListItem","position":2,"name":"Pol\u00edtica de calidad y medio ambiente"}]},{"@type":"WebSite","@id":"https:\/\/krosvertical.com\/#website","url":"https:\/\/krosvertical.com\/","name":"KrosVertical","description":"Trabajos Verticales Sevilla","publisher":{"@id":"https:\/\/krosvertical.com\/#organization"},"potentialAction":[{"@type":"SearchAction","target":{"@type":"EntryPoint","urlTemplate":"https:\/\/krosvertical.com\/?s={search_term_string}"},"query-input":{"@type":"PropertyValueSpecification","valueRequired":true,"valueName":"search_term_string"}}],"inLanguage":"en-GB"},{"@type":"Organization","@id":"https:\/\/krosvertical.com\/#organization","name":"KrosVertical","url":"https:\/\/krosvertical.com\/","logo":{"@type":"ImageObject","inLanguage":"en-GB","@id":"https:\/\/krosvertical.com\/#\/schema\/logo\/image\/","url":"https:\/\/krosvertical.com\/wp-content\/uploads\/2020\/02\/krosvertical-logo-2020.png","contentUrl":"https:\/\/krosvertical.com\/wp-content\/uploads\/2020\/02\/krosvertical-logo-2020.png","width":1000,"height":243,"caption":"KrosVertical"},"image":{"@id":"https:\/\/krosvertical.com\/#\/schema\/logo\/image\/"},"sameAs":["https:\/\/www.facebook.com\/groups\/987621488990247\/user\/100063481604682?locale=es_ES","https:\/\/www.instagram.com\/krosvertical\/"]}]}},"_links":{"self":[{"href":"https:\/\/krosvertical.com\/en_en\/wp-json\/wp\/v2\/pages\/5212","targetHints":{"allow":["GET"]}}],"collection":[{"href":"https:\/\/krosvertical.com\/en_en\/wp-json\/wp\/v2\/pages"}],"about":[{"href":"https:\/\/krosvertical.com\/en_en\/wp-json\/wp\/v2\/types\/page"}],"author":[{"embeddable":true,"href":"https:\/\/krosvertical.com\/en_en\/wp-json\/wp\/v2\/users\/2"}],"replies":[{"embeddable":true,"href":"https:\/\/krosvertical.com\/en_en\/wp-json\/wp\/v2\/comments?post=5212"}],"version-history":[{"count":0,"href":"https:\/\/krosvertical.com\/en_en\/wp-json\/wp\/v2\/pages\/5212\/revisions"}],"wp:attachment":[{"href":"https:\/\/krosvertical.com\/en_en\/wp-json\/wp\/v2\/media?parent=5212"}],"curies":[{"name":"wp","href":"https:\/\/api.w.org\/{rel}","templated":true}]}}