{"id":4120,"date":"2016-03-14T15:35:09","date_gmt":"2016-03-14T21:35:09","guid":{"rendered":"http:\/\/krosvertical.com\/?page_id=4120"},"modified":"2026-01-21T05:22:45","modified_gmt":"2026-01-21T11:22:45","slug":"reformas-sevilla","status":"publish","type":"page","link":"https:\/\/krosvertical.com\/en_en\/reformas-sevilla\/","title":{"rendered":"Alba\u00f1iler\u00eda y reformas"},"content":{"rendered":"<div data-elementor-type=\"wp-page\" data-elementor-id=\"4120\" class=\"elementor elementor-4120\" data-elementor-post-type=\"page\">\n\t\t\t\t<div class=\"elementor-element elementor-element-a85df8c e-flex e-con-boxed e-con e-parent\" data-id=\"a85df8c\" data-element_type=\"container\" data-e-type=\"container\" data-settings=\"{&quot;background_background&quot;:&quot;classic&quot;,&quot;shape_divider_top&quot;:&quot;triangle&quot;}\">\n\t\t\t\t\t<div class=\"e-con-inner\">\n\t\t\t\t<div class=\"elementor-shape elementor-shape-top\" aria-hidden=\"true\" data-negative=\"false\">\n\t\t\t<svg xmlns=\"http:\/\/www.w3.org\/2000\/svg\" viewbox=\"0 0 1000 100\" preserveaspectratio=\"none\">\n\t<path class=\"elementor-shape-fill\" d=\"M500,98.9L0,6.1V0h1000v6.1L500,98.9z\"\/>\n<\/svg>\t\t<\/div>\n\t\t\t\t<div class=\"elementor-element elementor-element-6506099 premium-header-block premium-lq__none premium-box-lq__none elementor-widget elementor-widget-premium-addon-dual-header\" data-id=\"6506099\" data-element_type=\"widget\" data-e-type=\"widget\" data-widget_type=\"premium-addon-dual-header.default\">\n\t\t\t\t\t\n\t\t<div class=\"elementor-widget-container\">\n\t\t\t\t\t<h2 class=\"premium-dual-header-first-header\"><span class=\"premium-dual-header-first-span\">NUESTROS SERVICIOS <\/span><span class=\"premium-dual-header-second-header\">Alba\u00f1iler\u00eda y reformas<\/span><\/h2> \t\t\t\t<\/div>\n\n\t\t\t\t\t\t<\/div>\n\t\t\t\t<div class=\"elementor-element elementor-element-01c9259 elementor-widget__width-initial elementor-widget elementor-widget-text-editor\" data-id=\"01c9259\" data-element_type=\"widget\" data-e-type=\"widget\" data-widget_type=\"text-editor.default\">\n\t\t\t\t<div class=\"elementor-widget-container\">\n\t\t\t\t\t\t\t\t\t<p>En Kros Vertical estamos m\u00e1s que capacitados para acometer cualquier tipo de reforma o proyecto que usted necesite en cuanto a <strong>servicios de alba\u00f1iler\u00eda o reformas<\/strong>, tales como:<\/p><ul><li style=\"text-align: left;\">Levantamiento de muros<\/li><li style=\"text-align: left;\">Divisi\u00f3n en tabiques<\/li><li style=\"text-align: left;\">Enfoscados<\/li><li style=\"text-align: left;\">Enlucidos<\/li><li style=\"text-align: left;\">Alicatados<\/li><li style=\"text-align: left;\">Solados<\/li><li style=\"text-align: left;\">Falsos techos de escayola o desmontables<\/li><li style=\"text-align: left;\">Reformas de cuartos de ba\u00f1o<\/li><li style=\"text-align: left;\">Reformas de cocinas<\/li><li style=\"text-align: left;\">Estucados<\/li><li style=\"text-align: left;\">Yeseros<\/li><li style=\"text-align: left;\">Fontaner\u00eda<\/li><li style=\"text-align: left;\">Electricidad<\/li><\/ul>\t\t\t\t\t\t\t\t<\/div>\n\t\t\t\t<\/div>\n\t\t<div class=\"elementor-element elementor-element-902d93e e-con-full e-flex e-con e-child\" data-id=\"902d93e\" data-element_type=\"container\" data-e-type=\"container\">\n\t\t\t\t<div class=\"elementor-element elementor-element-ba6f4f9 elementor-widget elementor-widget-gallery\" data-id=\"ba6f4f9\" data-element_type=\"widget\" data-e-type=\"widget\" data-settings=\"{&quot;columns&quot;:3,&quot;lazyload&quot;:&quot;yes&quot;,&quot;gallery_layout&quot;:&quot;grid&quot;,&quot;columns_tablet&quot;:2,&quot;columns_mobile&quot;:1,&quot;gap&quot;:{&quot;unit&quot;:&quot;px&quot;,&quot;size&quot;:10,&quot;sizes&quot;:[]},&quot;gap_tablet&quot;:{&quot;unit&quot;:&quot;px&quot;,&quot;size&quot;:10,&quot;sizes&quot;:[]},&quot;gap_mobile&quot;:{&quot;unit&quot;:&quot;px&quot;,&quot;size&quot;:10,&quot;sizes&quot;:[]},&quot;link_to&quot;:&quot;file&quot;,&quot;aspect_ratio&quot;:&quot;3:2&quot;,&quot;overlay_background&quot;:&quot;yes&quot;,&quot;content_hover_animation&quot;:&quot;fade-in&quot;}\" data-widget_type=\"gallery.default\">\n\t\t\t\t<div class=\"elementor-widget-container\">\n\t\t\t\t\t\t\t<div class=\"elementor-gallery__container\">\n\t\t\t\t\t\t\t<a class=\"e-gallery-item elementor-gallery-item elementor-animated-content\" href=\"https:\/\/krosvertical.com\/wp-content\/uploads\/2020\/02\/reformas-1-2020-1.jpg\" data-elementor-open-lightbox=\"yes\" data-elementor-lightbox-slideshow=\"ba6f4f9\" data-elementor-lightbox-title=\"reformas-1-2020.jpg\" data-e-action-hash=\"#elementor-action%3Aaction%3Dlightbox%26settings%3DeyJpZCI6NTEzMywidXJsIjoiaHR0cHM6XC9cL2tyb3N2ZXJ0aWNhbC5jb21cL3dwLWNvbnRlbnRcL3VwbG9hZHNcLzIwMjBcLzAyXC9yZWZvcm1hcy0xLTIwMjAtMS5qcGciLCJzbGlkZXNob3ciOiJiYTZmNGY5In0%3D\">\n\t\t\t\t\t<div class=\"e-gallery-image elementor-gallery-item__image\" data-thumbnail=\"https:\/\/krosvertical.com\/wp-content\/uploads\/2020\/02\/reformas-1-2020-1-300x200.jpg\" data-width=\"300\" data-height=\"200\" aria-label=\"\" role=\"img\" ><\/div>\n\t\t\t\t\t\t\t\t\t\t\t<div class=\"elementor-gallery-item__overlay\"><\/div>\n\t\t\t\t\t\t\t\t\t\t\t\t\t\t<\/a>\n\t\t\t\t\t\t\t<a class=\"e-gallery-item elementor-gallery-item elementor-animated-content\" href=\"https:\/\/krosvertical.com\/wp-content\/uploads\/2020\/02\/reformas-2-2020-1.jpg\" data-elementor-open-lightbox=\"yes\" data-elementor-lightbox-slideshow=\"ba6f4f9\" data-elementor-lightbox-title=\"reformas-2-2020.jpg\" data-e-action-hash=\"#elementor-action%3Aaction%3Dlightbox%26settings%3DeyJpZCI6NTEzNCwidXJsIjoiaHR0cHM6XC9cL2tyb3N2ZXJ0aWNhbC5jb21cL3dwLWNvbnRlbnRcL3VwbG9hZHNcLzIwMjBcLzAyXC9yZWZvcm1hcy0yLTIwMjAtMS5qcGciLCJzbGlkZXNob3ciOiJiYTZmNGY5In0%3D\">\n\t\t\t\t\t<div class=\"e-gallery-image elementor-gallery-item__image\" data-thumbnail=\"https:\/\/krosvertical.com\/wp-content\/uploads\/2020\/02\/reformas-2-2020-1-200x300.jpg\" data-width=\"200\" data-height=\"300\" aria-label=\"\" role=\"img\" ><\/div>\n\t\t\t\t\t\t\t\t\t\t\t<div class=\"elementor-gallery-item__overlay\"><\/div>\n\t\t\t\t\t\t\t\t\t\t\t\t\t\t<\/a>\n\t\t\t\t\t\t\t<a class=\"e-gallery-item elementor-gallery-item elementor-animated-content\" href=\"https:\/\/krosvertical.com\/wp-content\/uploads\/2020\/02\/reformas-3-2020-1.jpg\" data-elementor-open-lightbox=\"yes\" data-elementor-lightbox-slideshow=\"ba6f4f9\" data-elementor-lightbox-title=\"reformas-3-2020.jpg\" data-e-action-hash=\"#elementor-action%3Aaction%3Dlightbox%26settings%3DeyJpZCI6NTEzNSwidXJsIjoiaHR0cHM6XC9cL2tyb3N2ZXJ0aWNhbC5jb21cL3dwLWNvbnRlbnRcL3VwbG9hZHNcLzIwMjBcLzAyXC9yZWZvcm1hcy0zLTIwMjAtMS5qcGciLCJzbGlkZXNob3ciOiJiYTZmNGY5In0%3D\">\n\t\t\t\t\t<div class=\"e-gallery-image elementor-gallery-item__image\" data-thumbnail=\"https:\/\/krosvertical.com\/wp-content\/uploads\/2020\/02\/reformas-3-2020-1-200x300.jpg\" data-width=\"200\" data-height=\"300\" aria-label=\"\" role=\"img\" ><\/div>\n\t\t\t\t\t\t\t\t\t\t\t<div class=\"elementor-gallery-item__overlay\"><\/div>\n\t\t\t\t\t\t\t\t\t\t\t\t\t\t<\/a>\n\t\t\t\t\t\t\t<a class=\"e-gallery-item elementor-gallery-item elementor-animated-content\" href=\"https:\/\/krosvertical.com\/wp-content\/uploads\/2020\/02\/reformas-4-2020-1.jpg\" data-elementor-open-lightbox=\"yes\" data-elementor-lightbox-slideshow=\"ba6f4f9\" data-elementor-lightbox-title=\"reformas-4-2020.jpg\" data-e-action-hash=\"#elementor-action%3Aaction%3Dlightbox%26settings%3DeyJpZCI6NTEzNiwidXJsIjoiaHR0cHM6XC9cL2tyb3N2ZXJ0aWNhbC5jb21cL3dwLWNvbnRlbnRcL3VwbG9hZHNcLzIwMjBcLzAyXC9yZWZvcm1hcy00LTIwMjAtMS5qcGciLCJzbGlkZXNob3ciOiJiYTZmNGY5In0%3D\">\n\t\t\t\t\t<div class=\"e-gallery-image elementor-gallery-item__image\" data-thumbnail=\"https:\/\/krosvertical.com\/wp-content\/uploads\/2020\/02\/reformas-4-2020-1-300x200.jpg\" data-width=\"300\" data-height=\"200\" aria-label=\"\" role=\"img\" ><\/div>\n\t\t\t\t\t\t\t\t\t\t\t<div class=\"elementor-gallery-item__overlay\"><\/div>\n\t\t\t\t\t\t\t\t\t\t\t\t\t\t<\/a>\n\t\t\t\t\t\t\t<a class=\"e-gallery-item elementor-gallery-item elementor-animated-content\" href=\"https:\/\/krosvertical.com\/wp-content\/uploads\/2020\/02\/reformas-5-2020-1.jpg\" data-elementor-open-lightbox=\"yes\" data-elementor-lightbox-slideshow=\"ba6f4f9\" data-elementor-lightbox-title=\"reformas-5-2020.jpg\" data-e-action-hash=\"#elementor-action%3Aaction%3Dlightbox%26settings%3DeyJpZCI6NTEzNywidXJsIjoiaHR0cHM6XC9cL2tyb3N2ZXJ0aWNhbC5jb21cL3dwLWNvbnRlbnRcL3VwbG9hZHNcLzIwMjBcLzAyXC9yZWZvcm1hcy01LTIwMjAtMS5qcGciLCJzbGlkZXNob3ciOiJiYTZmNGY5In0%3D\">\n\t\t\t\t\t<div class=\"e-gallery-image elementor-gallery-item__image\" data-thumbnail=\"https:\/\/krosvertical.com\/wp-content\/uploads\/2020\/02\/reformas-5-2020-1-300x200.jpg\" data-width=\"300\" data-height=\"200\" aria-label=\"\" role=\"img\" ><\/div>\n\t\t\t\t\t\t\t\t\t\t\t<div class=\"elementor-gallery-item__overlay\"><\/div>\n\t\t\t\t\t\t\t\t\t\t\t\t\t\t<\/a>\n\t\t\t\t\t\t\t<a class=\"e-gallery-item elementor-gallery-item elementor-animated-content\" href=\"https:\/\/krosvertical.com\/wp-content\/uploads\/2020\/02\/reformas-6-2020-1.jpg\" data-elementor-open-lightbox=\"yes\" data-elementor-lightbox-slideshow=\"ba6f4f9\" data-elementor-lightbox-title=\"reformas-6-2020.jpg\" data-e-action-hash=\"#elementor-action%3Aaction%3Dlightbox%26settings%3DeyJpZCI6NTEzOSwidXJsIjoiaHR0cHM6XC9cL2tyb3N2ZXJ0aWNhbC5jb21cL3dwLWNvbnRlbnRcL3VwbG9hZHNcLzIwMjBcLzAyXC9yZWZvcm1hcy02LTIwMjAtMS5qcGciLCJzbGlkZXNob3ciOiJiYTZmNGY5In0%3D\">\n\t\t\t\t\t<div class=\"e-gallery-image elementor-gallery-item__image\" data-thumbnail=\"https:\/\/krosvertical.com\/wp-content\/uploads\/2020\/02\/reformas-6-2020-1-300x200.jpg\" data-width=\"300\" data-height=\"200\" aria-label=\"\" role=\"img\" ><\/div>\n\t\t\t\t\t\t\t\t\t\t\t<div class=\"elementor-gallery-item__overlay\"><\/div>\n\t\t\t\t\t\t\t\t\t\t\t\t\t\t<\/a>\n\t\t\t\t\t\t\t<a class=\"e-gallery-item elementor-gallery-item elementor-animated-content\" href=\"https:\/\/krosvertical.com\/wp-content\/uploads\/2020\/02\/reformas-7-2020-1.jpg\" data-elementor-open-lightbox=\"yes\" data-elementor-lightbox-slideshow=\"ba6f4f9\" data-elementor-lightbox-title=\"reformas-7-2020.jpg\" data-e-action-hash=\"#elementor-action%3Aaction%3Dlightbox%26settings%3DeyJpZCI6NTE0MCwidXJsIjoiaHR0cHM6XC9cL2tyb3N2ZXJ0aWNhbC5jb21cL3dwLWNvbnRlbnRcL3VwbG9hZHNcLzIwMjBcLzAyXC9yZWZvcm1hcy03LTIwMjAtMS5qcGciLCJzbGlkZXNob3ciOiJiYTZmNGY5In0%3D\">\n\t\t\t\t\t<div class=\"e-gallery-image elementor-gallery-item__image\" data-thumbnail=\"https:\/\/krosvertical.com\/wp-content\/uploads\/2020\/02\/reformas-7-2020-1-300x200.jpg\" data-width=\"300\" data-height=\"200\" aria-label=\"\" role=\"img\" ><\/div>\n\t\t\t\t\t\t\t\t\t\t\t<div class=\"elementor-gallery-item__overlay\"><\/div>\n\t\t\t\t\t\t\t\t\t\t\t\t\t\t<\/a>\n\t\t\t\t\t<\/div>\n\t\t\t\t\t<\/div>\n\t\t\t\t<\/div>\n\t\t\t\t<\/div>\n\t\t\t\t<div class=\"elementor-element elementor-element-c36d990 elementor-widget elementor-widget-heading\" data-id=\"c36d990\" data-element_type=\"widget\" data-e-type=\"widget\" data-widget_type=\"heading.default\">\n\t\t\t\t<div class=\"elementor-widget-container\">\n\t\t\t\t\t<h2 class=\"elementor-heading-title elementor-size-default\">\u00a1Ll\u00e1menos!<\/h2>\t\t\t\t<\/div>\n\t\t\t\t<\/div>\n\t\t\t\t<div class=\"elementor-element elementor-element-81c91d2 elementor-widget elementor-widget-text-editor\" data-id=\"81c91d2\" data-element_type=\"widget\" data-e-type=\"widget\" data-widget_type=\"text-editor.default\">\n\t\t\t\t<div class=\"elementor-widget-container\">\n\t\t\t\t\t\t\t\t\t<p>En Kros Vertical trabajamos con Almacenes Molero, MRG y Grupo Puma, entre otros.\u00a0<\/p><p>Consulte con nosotros presupuesto para su siguiente reforma.<\/p>\t\t\t\t\t\t\t\t<\/div>\n\t\t\t\t<\/div>\n\t\t\t\t<div class=\"elementor-element elementor-element-b29675e elementor-icon-list--layout-inline elementor-align-center elementor-list-item-link-full_width elementor-widget elementor-widget-icon-list\" data-id=\"b29675e\" data-element_type=\"widget\" data-e-type=\"widget\" data-widget_type=\"icon-list.default\">\n\t\t\t\t<div class=\"elementor-widget-container\">\n\t\t\t\t\t\t\t<ul class=\"elementor-icon-list-items elementor-inline-items\">\n\t\t\t\t\t\t\t<li class=\"elementor-icon-list-item elementor-inline-item\">\n\t\t\t\t\t\t\t\t\t\t\t<a href=\"tel:+34954690442\">\n\n\t\t\t\t\t\t\t\t\t\t\t\t<span class=\"elementor-icon-list-icon\">\n\t\t\t\t\t\t\t<i aria-hidden=\"true\" class=\"fas fa-phone-square-alt\"><\/i>\t\t\t\t\t\t<\/span>\n\t\t\t\t\t\t\t\t\t\t<span class=\"elementor-icon-list-text\">954 69 04 42<\/span>\n\t\t\t\t\t\t\t\t\t\t\t<\/a>\n\t\t\t\t\t\t\t\t\t<\/li>\n\t\t\t\t\t\t\t\t<li class=\"elementor-icon-list-item elementor-inline-item\">\n\t\t\t\t\t\t\t\t\t\t\t<a href=\"https:\/\/www.google.com\/maps\/place\/\/data=!4m2!3m1!1s0xd126e199bb32dd9:0xd108d02be8c9d9?sa=X&#038;ved=1t:8290&#038;ictx=111\">\n\n\t\t\t\t\t\t\t\t\t\t\t\t<span class=\"elementor-icon-list-icon\">\n\t\t\t\t\t\t\t<i aria-hidden=\"true\" class=\"fas fa-map-marked-alt\"><\/i>\t\t\t\t\t\t<\/span>\n\t\t\t\t\t\t\t\t\t\t<span class=\"elementor-icon-list-text\">C\/ Guadiel n\u00ba 1 -\u00a0 C.P.: 41013<\/span>\n\t\t\t\t\t\t\t\t\t\t\t<\/a>\n\t\t\t\t\t\t\t\t\t<\/li>\n\t\t\t\t\t\t<\/ul>\n\t\t\t\t\t\t<\/div>\n\t\t\t\t<\/div>\n\t\t\t\t\t<\/div>\n\t\t\t\t<\/div>\n\t\t\t\t<section class=\"elementor-section elementor-top-section elementor-element elementor-element-34abadc4 elementor-section-boxed elementor-section-height-default elementor-section-height-default\" data-id=\"34abadc4\" data-element_type=\"section\" data-e-type=\"section\">\n\t\t\t\t\t\t<div class=\"elementor-container elementor-column-gap-default\">\n\t\t\t\t\t<div class=\"elementor-column elementor-col-100 elementor-top-column elementor-element elementor-element-4ce078bd\" data-id=\"4ce078bd\" data-element_type=\"column\" data-e-type=\"column\">\n\t\t\t<div class=\"elementor-widget-wrap elementor-element-populated\">\n\t\t\t\t\t\t<div class=\"elementor-element elementor-element-93c3602 elementor-widget elementor-widget-spacer\" data-id=\"93c3602\" data-element_type=\"widget\" data-e-type=\"widget\" data-widget_type=\"spacer.default\">\n\t\t\t\t<div class=\"elementor-widget-container\">\n\t\t\t\t\t\t\t<div class=\"elementor-spacer\">\n\t\t\t<div class=\"elementor-spacer-inner\"><\/div>\n\t\t<\/div>\n\t\t\t\t\t\t<\/div>\n\t\t\t\t<\/div>\n\t\t\t\t\t<\/div>\n\t\t<\/div>\n\t\t\t\t\t<\/div>\n\t\t<\/section>\n\t\t\t\t<\/div>","protected":false},"excerpt":{"rendered":"<p>NUESTROS SERVICIOS Alba\u00f1iler\u00eda y reformas En Kros Vertical estamos m\u00e1s que capacitados para acometer cualquier tipo de reforma o proyecto que usted necesite en cuanto a servicios de alba\u00f1iler\u00eda o reformas, tales como: Levantamiento de muros Divisi\u00f3n en tabiques Enfoscados Enlucidos Alicatados Solados Falsos techos de escayola o desmontables Reformas de cuartos de ba\u00f1o Reformas [&hellip;]<\/p>\n","protected":false},"author":2,"featured_media":4128,"parent":0,"menu_order":0,"comment_status":"closed","ping_status":"closed","template":"elementor_header_footer","meta":{"footnotes":""},"class_list":["post-4120","page","type-page","status-publish","has-post-thumbnail","hentry"],"yoast_head":"<!-- This site is optimized with the Yoast SEO plugin v27.4 - https:\/\/yoast.com\/product\/yoast-seo-wordpress\/ -->\n<title>Alba\u00f1iler\u00eda y reformas en Sevilla - Kros Vertical<\/title>\n<meta name=\"description\" content=\"En Kros Vertical tambi\u00e9n tenemos los pies en el suelo, trabajamos para sus proyectos de alba\u00f1iler\u00eda y reformas.\" \/>\n<meta name=\"robots\" content=\"index, follow, max-snippet:-1, max-image-preview:large, max-video-preview:-1\" \/>\n<link rel=\"canonical\" href=\"https:\/\/krosvertical.com\/en_en\/reformas-sevilla\/\" \/>\n<meta property=\"og:locale\" content=\"en_GB\" \/>\n<meta property=\"og:type\" content=\"article\" \/>\n<meta property=\"og:title\" content=\"Alba\u00f1iler\u00eda y reformas en Sevilla - Kros Vertical\" \/>\n<meta property=\"og:description\" content=\"En Kros Vertical tambi\u00e9n tenemos los pies en el suelo, trabajamos para sus proyectos de alba\u00f1iler\u00eda y reformas.\" \/>\n<meta property=\"og:url\" content=\"https:\/\/krosvertical.com\/en_en\/reformas-sevilla\/\" \/>\n<meta property=\"og:site_name\" content=\"KrosVertical\" \/>\n<meta property=\"article:publisher\" content=\"https:\/\/www.facebook.com\/groups\/987621488990247\/user\/100063481604682?locale=es_ES\" \/>\n<meta property=\"article:modified_time\" content=\"2026-01-21T11:22:45+00:00\" \/>\n<meta property=\"og:image\" content=\"https:\/\/krosvertical.com\/wp-content\/uploads\/2016\/03\/Reformas-010.jpg\" \/>\n\t<meta property=\"og:image:width\" content=\"800\" \/>\n\t<meta property=\"og:image:height\" content=\"534\" \/>\n\t<meta property=\"og:image:type\" content=\"image\/jpeg\" \/>\n<meta name=\"twitter:card\" content=\"summary_large_image\" \/>\n<meta name=\"twitter:label1\" content=\"Estimated reading time\" \/>\n\t<meta name=\"twitter:data1\" content=\"1 minute\" \/>\n<script type=\"application\/ld+json\" class=\"yoast-schema-graph\">{\"@context\":\"https:\\\/\\\/schema.org\",\"@graph\":[{\"@type\":\"WebPage\",\"@id\":\"https:\\\/\\\/krosvertical.com\\\/reformas-sevilla\\\/\",\"url\":\"https:\\\/\\\/krosvertical.com\\\/reformas-sevilla\\\/\",\"name\":\"Alba\u00f1iler\u00eda y reformas en Sevilla - Kros Vertical\",\"isPartOf\":{\"@id\":\"https:\\\/\\\/krosvertical.com\\\/#website\"},\"primaryImageOfPage\":{\"@id\":\"https:\\\/\\\/krosvertical.com\\\/reformas-sevilla\\\/#primaryimage\"},\"image\":{\"@id\":\"https:\\\/\\\/krosvertical.com\\\/reformas-sevilla\\\/#primaryimage\"},\"thumbnailUrl\":\"https:\\\/\\\/krosvertical.com\\\/wp-content\\\/uploads\\\/2016\\\/03\\\/Reformas-010.jpg\",\"datePublished\":\"2016-03-14T21:35:09+00:00\",\"dateModified\":\"2026-01-21T11:22:45+00:00\",\"description\":\"En Kros Vertical tambi\u00e9n tenemos los pies en el suelo, trabajamos para sus proyectos de alba\u00f1iler\u00eda y reformas.\",\"breadcrumb\":{\"@id\":\"https:\\\/\\\/krosvertical.com\\\/reformas-sevilla\\\/#breadcrumb\"},\"inLanguage\":\"en-GB\",\"potentialAction\":[{\"@type\":\"ReadAction\",\"target\":[\"https:\\\/\\\/krosvertical.com\\\/reformas-sevilla\\\/\"]}]},{\"@type\":\"ImageObject\",\"inLanguage\":\"en-GB\",\"@id\":\"https:\\\/\\\/krosvertical.com\\\/reformas-sevilla\\\/#primaryimage\",\"url\":\"https:\\\/\\\/krosvertical.com\\\/wp-content\\\/uploads\\\/2016\\\/03\\\/Reformas-010.jpg\",\"contentUrl\":\"https:\\\/\\\/krosvertical.com\\\/wp-content\\\/uploads\\\/2016\\\/03\\\/Reformas-010.jpg\",\"width\":800,\"height\":534,\"caption\":\"alba\u00f1iler\u00eda y reformas\"},{\"@type\":\"BreadcrumbList\",\"@id\":\"https:\\\/\\\/krosvertical.com\\\/reformas-sevilla\\\/#breadcrumb\",\"itemListElement\":[{\"@type\":\"ListItem\",\"position\":1,\"name\":\"Portada\",\"item\":\"https:\\\/\\\/krosvertical.com\\\/\"},{\"@type\":\"ListItem\",\"position\":2,\"name\":\"Alba\u00f1iler\u00eda y reformas\"}]},{\"@type\":\"WebSite\",\"@id\":\"https:\\\/\\\/krosvertical.com\\\/#website\",\"url\":\"https:\\\/\\\/krosvertical.com\\\/\",\"name\":\"KrosVertical\",\"description\":\"Trabajos Verticales Sevilla\",\"publisher\":{\"@id\":\"https:\\\/\\\/krosvertical.com\\\/#organization\"},\"potentialAction\":[{\"@type\":\"SearchAction\",\"target\":{\"@type\":\"EntryPoint\",\"urlTemplate\":\"https:\\\/\\\/krosvertical.com\\\/?s={search_term_string}\"},\"query-input\":{\"@type\":\"PropertyValueSpecification\",\"valueRequired\":true,\"valueName\":\"search_term_string\"}}],\"inLanguage\":\"en-GB\"},{\"@type\":\"Organization\",\"@id\":\"https:\\\/\\\/krosvertical.com\\\/#organization\",\"name\":\"KrosVertical\",\"url\":\"https:\\\/\\\/krosvertical.com\\\/\",\"logo\":{\"@type\":\"ImageObject\",\"inLanguage\":\"en-GB\",\"@id\":\"https:\\\/\\\/krosvertical.com\\\/#\\\/schema\\\/logo\\\/image\\\/\",\"url\":\"https:\\\/\\\/krosvertical.com\\\/wp-content\\\/uploads\\\/2020\\\/02\\\/krosvertical-logo-2020.png\",\"contentUrl\":\"https:\\\/\\\/krosvertical.com\\\/wp-content\\\/uploads\\\/2020\\\/02\\\/krosvertical-logo-2020.png\",\"width\":1000,\"height\":243,\"caption\":\"KrosVertical\"},\"image\":{\"@id\":\"https:\\\/\\\/krosvertical.com\\\/#\\\/schema\\\/logo\\\/image\\\/\"},\"sameAs\":[\"https:\\\/\\\/www.facebook.com\\\/groups\\\/987621488990247\\\/user\\\/100063481604682?locale=es_ES\",\"https:\\\/\\\/www.instagram.com\\\/krosvertical\\\/\"]}]}<\/script>\n<!-- \/ Yoast SEO plugin. -->","yoast_head_json":{"title":"Alba\u00f1iler\u00eda y reformas en Sevilla - Kros Vertical","description":"En Kros Vertical tambi\u00e9n tenemos los pies en el suelo, trabajamos para sus proyectos de alba\u00f1iler\u00eda y reformas.","robots":{"index":"index","follow":"follow","max-snippet":"max-snippet:-1","max-image-preview":"max-image-preview:large","max-video-preview":"max-video-preview:-1"},"canonical":"https:\/\/krosvertical.com\/en_en\/reformas-sevilla\/","og_locale":"en_GB","og_type":"article","og_title":"Alba\u00f1iler\u00eda y reformas en Sevilla - Kros Vertical","og_description":"En Kros Vertical tambi\u00e9n tenemos los pies en el suelo, trabajamos para sus proyectos de alba\u00f1iler\u00eda y reformas.","og_url":"https:\/\/krosvertical.com\/en_en\/reformas-sevilla\/","og_site_name":"KrosVertical","article_publisher":"https:\/\/www.facebook.com\/groups\/987621488990247\/user\/100063481604682?locale=es_ES","article_modified_time":"2026-01-21T11:22:45+00:00","og_image":[{"width":800,"height":534,"url":"https:\/\/krosvertical.com\/wp-content\/uploads\/2016\/03\/Reformas-010.jpg","type":"image\/jpeg"}],"twitter_card":"summary_large_image","twitter_misc":{"Estimated reading time":"1 minute"},"schema":{"@context":"https:\/\/schema.org","@graph":[{"@type":"WebPage","@id":"https:\/\/krosvertical.com\/reformas-sevilla\/","url":"https:\/\/krosvertical.com\/reformas-sevilla\/","name":"Alba\u00f1iler\u00eda y reformas en Sevilla - Kros Vertical","isPartOf":{"@id":"https:\/\/krosvertical.com\/#website"},"primaryImageOfPage":{"@id":"https:\/\/krosvertical.com\/reformas-sevilla\/#primaryimage"},"image":{"@id":"https:\/\/krosvertical.com\/reformas-sevilla\/#primaryimage"},"thumbnailUrl":"https:\/\/krosvertical.com\/wp-content\/uploads\/2016\/03\/Reformas-010.jpg","datePublished":"2016-03-14T21:35:09+00:00","dateModified":"2026-01-21T11:22:45+00:00","description":"En Kros Vertical tambi\u00e9n tenemos los pies en el suelo, trabajamos para sus proyectos de alba\u00f1iler\u00eda y reformas.","breadcrumb":{"@id":"https:\/\/krosvertical.com\/reformas-sevilla\/#breadcrumb"},"inLanguage":"en-GB","potentialAction":[{"@type":"ReadAction","target":["https:\/\/krosvertical.com\/reformas-sevilla\/"]}]},{"@type":"ImageObject","inLanguage":"en-GB","@id":"https:\/\/krosvertical.com\/reformas-sevilla\/#primaryimage","url":"https:\/\/krosvertical.com\/wp-content\/uploads\/2016\/03\/Reformas-010.jpg","contentUrl":"https:\/\/krosvertical.com\/wp-content\/uploads\/2016\/03\/Reformas-010.jpg","width":800,"height":534,"caption":"alba\u00f1iler\u00eda y reformas"},{"@type":"BreadcrumbList","@id":"https:\/\/krosvertical.com\/reformas-sevilla\/#breadcrumb","itemListElement":[{"@type":"ListItem","position":1,"name":"Portada","item":"https:\/\/krosvertical.com\/"},{"@type":"ListItem","position":2,"name":"Alba\u00f1iler\u00eda y reformas"}]},{"@type":"WebSite","@id":"https:\/\/krosvertical.com\/#website","url":"https:\/\/krosvertical.com\/","name":"KrosVertical","description":"Trabajos Verticales Sevilla","publisher":{"@id":"https:\/\/krosvertical.com\/#organization"},"potentialAction":[{"@type":"SearchAction","target":{"@type":"EntryPoint","urlTemplate":"https:\/\/krosvertical.com\/?s={search_term_string}"},"query-input":{"@type":"PropertyValueSpecification","valueRequired":true,"valueName":"search_term_string"}}],"inLanguage":"en-GB"},{"@type":"Organization","@id":"https:\/\/krosvertical.com\/#organization","name":"KrosVertical","url":"https:\/\/krosvertical.com\/","logo":{"@type":"ImageObject","inLanguage":"en-GB","@id":"https:\/\/krosvertical.com\/#\/schema\/logo\/image\/","url":"https:\/\/krosvertical.com\/wp-content\/uploads\/2020\/02\/krosvertical-logo-2020.png","contentUrl":"https:\/\/krosvertical.com\/wp-content\/uploads\/2020\/02\/krosvertical-logo-2020.png","width":1000,"height":243,"caption":"KrosVertical"},"image":{"@id":"https:\/\/krosvertical.com\/#\/schema\/logo\/image\/"},"sameAs":["https:\/\/www.facebook.com\/groups\/987621488990247\/user\/100063481604682?locale=es_ES","https:\/\/www.instagram.com\/krosvertical\/"]}]}},"_links":{"self":[{"href":"https:\/\/krosvertical.com\/en_en\/wp-json\/wp\/v2\/pages\/4120","targetHints":{"allow":["GET"]}}],"collection":[{"href":"https:\/\/krosvertical.com\/en_en\/wp-json\/wp\/v2\/pages"}],"about":[{"href":"https:\/\/krosvertical.com\/en_en\/wp-json\/wp\/v2\/types\/page"}],"author":[{"embeddable":true,"href":"https:\/\/krosvertical.com\/en_en\/wp-json\/wp\/v2\/users\/2"}],"replies":[{"embeddable":true,"href":"https:\/\/krosvertical.com\/en_en\/wp-json\/wp\/v2\/comments?post=4120"}],"version-history":[{"count":0,"href":"https:\/\/krosvertical.com\/en_en\/wp-json\/wp\/v2\/pages\/4120\/revisions"}],"wp:featuredmedia":[{"embeddable":true,"href":"https:\/\/krosvertical.com\/en_en\/wp-json\/wp\/v2\/media\/4128"}],"wp:attachment":[{"href":"https:\/\/krosvertical.com\/en_en\/wp-json\/wp\/v2\/media?parent=4120"}],"curies":[{"name":"wp","href":"https:\/\/api.w.org\/{rel}","templated":true}]}}